{"id":16,"date":"2024-06-20T08:23:35","date_gmt":"2024-06-20T06:23:35","guid":{"rendered":"https:\/\/rsacha.eleves.mediamatique.ch\/treycovagnes-toys\/panier\/"},"modified":"2024-06-21T08:22:42","modified_gmt":"2024-06-21T06:22:42","slug":"panier","status":"publish","type":"page","link":"https:\/\/rsacha.eleves.mediamatique.ch\/treycovagnes-toys\/panier\/","title":{"rendered":"Panier"},"content":{"rendered":"\t\t<div data-elementor-type=\"wp-page\" data-elementor-id=\"16\" class=\"elementor elementor-16\" data-elementor-post-type=\"page\">\n\t\t\t\t<div class=\"elementor-element elementor-element-51632d84 e-flex e-con-boxed e-con e-parent\" data-id=\"51632d84\" data-element_type=\"container\">\n\t\t\t\t\t<div class=\"e-con-inner\">\n\t\t\t\t<div class=\"elementor-element elementor-element-4e1becc elementor-widget elementor-widget-spacer\" data-id=\"4e1becc\" data-element_type=\"widget\" data-widget_type=\"spacer.default\">\n\t\t\t\t<div class=\"elementor-widget-container\">\n\t\t\t<style>\/*! elementor - v3.22.0 - 17-06-2024 *\/\n.elementor-column .elementor-spacer-inner{height:var(--spacer-size)}.e-con{--container-widget-width:100%}.e-con-inner>.elementor-widget-spacer,.e-con>.elementor-widget-spacer{width:var(--container-widget-width,var(--spacer-size));--align-self:var(--container-widget-align-self,initial);--flex-shrink:0}.e-con-inner>.elementor-widget-spacer>.elementor-widget-container,.e-con>.elementor-widget-spacer>.elementor-widget-container{height:100%;width:100%}.e-con-inner>.elementor-widget-spacer>.elementor-widget-container>.elementor-spacer,.e-con>.elementor-widget-spacer>.elementor-widget-container>.elementor-spacer{height:100%}.e-con-inner>.elementor-widget-spacer>.elementor-widget-container>.elementor-spacer>.elementor-spacer-inner,.e-con>.elementor-widget-spacer>.elementor-widget-container>.elementor-spacer>.elementor-spacer-inner{height:var(--container-widget-height,var(--spacer-size))}.e-con-inner>.elementor-widget-spacer.elementor-widget-empty,.e-con>.elementor-widget-spacer.elementor-widget-empty{position:relative;min-height:22px;min-width:22px}.e-con-inner>.elementor-widget-spacer.elementor-widget-empty .elementor-widget-empty-icon,.e-con>.elementor-widget-spacer.elementor-widget-empty .elementor-widget-empty-icon{position:absolute;top:0;bottom:0;left:0;right:0;margin:auto;padding:0;width:22px;height:22px}<\/style>\t\t<div class=\"elementor-spacer\">\n\t\t\t<div class=\"elementor-spacer-inner\"><\/div>\n\t\t<\/div>\n\t\t\t\t<\/div>\n\t\t\t\t<\/div>\n\t\t\t\t\t<\/div>\n\t\t\t\t<\/div>\n\t\t<div class=\"elementor-element elementor-element-082a663 e-grid e-con-boxed e-con e-parent\" data-id=\"082a663\" data-element_type=\"container\">\n\t\t\t\t\t<div class=\"e-con-inner\">\n\t\t\t\t\t<\/div>\n\t\t\t\t<\/div>\n\t\t\t\t<\/div>\n\t\t","protected":false},"excerpt":{"rendered":"<p>Supprimer l\u2019\u00e9l\u00e9ment Miniature Produit Prix Quantit\u00e9 Sous-total &times; Dinosaure T\u00e9l\u00e9command\u00e9 \u00ab\u00a0Rex Runner\u00a0\u00bb &#8211; Mega Rex &#67;&#72;&#70;85.00 quantit\u00e9 de Dinosaure T\u00e9l\u00e9command\u00e9 &quot;Rex Runner&quot; &#8211; Mega Rex &#67;&#72;&#70;170.00 &times; Puzzle 3D \u00ab\u00a0Ch\u00e2teau Enchant\u00e9\u00a0\u00bb &#8211; Forteresse Mystique &#67;&#72;&#70;55.00 quantit\u00e9 de Puzzle 3D &quot;Ch\u00e2teau Enchant\u00e9&quot; &#8211; Forteresse Mystique &#67;&#72;&#70;55.00 Mise \u00e0 jour le panier Appliquer le code promo Totaux [&hellip;]<\/p>\n","protected":false},"author":1,"featured_media":0,"parent":0,"menu_order":0,"comment_status":"closed","ping_status":"closed","template":"","meta":{"footnotes":""},"class_list":["post-16","page","type-page","status-publish","hentry"],"yoast_head":"<!-- This site is optimized with the Yoast SEO plugin v22.9 - https:\/\/yoast.com\/wordpress\/plugins\/seo\/ -->\n<title>Panier - Treycovagnes Toys<\/title>\n<meta name=\"robots\" content=\"noindex, follow, max-snippet:-1, max-image-preview:large, max-video-preview:-1\" \/>\n<meta property=\"og:locale\" content=\"fr_FR\" \/>\n<meta property=\"og:type\" content=\"article\" \/>\n<meta property=\"og:title\" content=\"Panier - Treycovagnes Toys\" \/>\n<meta property=\"og:description\" content=\"Supprimer l\u2019\u00e9l\u00e9ment Miniature Produit Prix Quantit\u00e9 Sous-total &times; Dinosaure T\u00e9l\u00e9command\u00e9 \u00ab\u00a0Rex Runner\u00a0\u00bb &#8211; Mega Rex &#067;&#072;&#070;85.00 quantit\u00e9 de Dinosaure T\u00e9l\u00e9command\u00e9 &quot;Rex Runner&quot; &#8211; Mega Rex &#067;&#072;&#070;170.00 &times; Puzzle 3D \u00ab\u00a0Ch\u00e2teau Enchant\u00e9\u00a0\u00bb &#8211; Forteresse Mystique &#067;&#072;&#070;55.00 quantit\u00e9 de Puzzle 3D &quot;Ch\u00e2teau Enchant\u00e9&quot; &#8211; Forteresse Mystique &#067;&#072;&#070;55.00 Mise \u00e0 jour le panier Appliquer le code promo Totaux [&hellip;]\" \/>\n<meta property=\"og:url\" content=\"https:\/\/rsacha.eleves.mediamatique.ch\/treycovagnes-toys\/panier\/\" \/>\n<meta property=\"og:site_name\" content=\"Treycovagnes Toys\" \/>\n<meta property=\"article:publisher\" content=\"https:\/\/facebook.com\/treycovagnes-toys\" \/>\n<meta property=\"article:modified_time\" content=\"2024-06-21T06:22:42+00:00\" \/>\n<meta property=\"og:image\" content=\"https:\/\/rsacha.eleves.mediamatique.ch\/treycovagnes-toys\/wp-content\/uploads\/2024\/06\/rpjiorepjiorepjiore-300x300.webp\" \/>\n<meta name=\"twitter:card\" content=\"summary_large_image\" \/>\n<meta name=\"twitter:label1\" content=\"Dur\u00e9e de lecture estim\u00e9e\" \/>\n\t<meta name=\"twitter:data1\" content=\"1 minute\" \/>\n<script type=\"application\/ld+json\" class=\"yoast-schema-graph\">{\"@context\":\"https:\/\/schema.org\",\"@graph\":[{\"@type\":\"WebPage\",\"@id\":\"https:\/\/rsacha.eleves.mediamatique.ch\/treycovagnes-toys\/panier\/\",\"url\":\"https:\/\/rsacha.eleves.mediamatique.ch\/treycovagnes-toys\/panier\/\",\"name\":\"Panier - Treycovagnes Toys\",\"isPartOf\":{\"@id\":\"https:\/\/rsacha.eleves.mediamatique.ch\/treycovagnes-toys\/#website\"},\"primaryImageOfPage\":{\"@id\":\"https:\/\/rsacha.eleves.mediamatique.ch\/treycovagnes-toys\/panier\/#primaryimage\"},\"image\":{\"@id\":\"https:\/\/rsacha.eleves.mediamatique.ch\/treycovagnes-toys\/panier\/#primaryimage\"},\"thumbnailUrl\":\"https:\/\/rsacha.eleves.mediamatique.ch\/treycovagnes-toys\/wp-content\/uploads\/2024\/06\/rpjiorepjiorepjiore-300x300.webp\",\"datePublished\":\"2024-06-20T06:23:35+00:00\",\"dateModified\":\"2024-06-21T06:22:42+00:00\",\"breadcrumb\":{\"@id\":\"https:\/\/rsacha.eleves.mediamatique.ch\/treycovagnes-toys\/panier\/#breadcrumb\"},\"inLanguage\":\"fr-FR\",\"potentialAction\":[{\"@type\":\"ReadAction\",\"target\":[\"https:\/\/rsacha.eleves.mediamatique.ch\/treycovagnes-toys\/panier\/\"]}]},{\"@type\":\"ImageObject\",\"inLanguage\":\"fr-FR\",\"@id\":\"https:\/\/rsacha.eleves.mediamatique.ch\/treycovagnes-toys\/panier\/#primaryimage\",\"url\":\"https:\/\/rsacha.eleves.mediamatique.ch\/treycovagnes-toys\/wp-content\/uploads\/2024\/06\/rpjiorepjiorepjiore-300x300.webp\",\"contentUrl\":\"https:\/\/rsacha.eleves.mediamatique.ch\/treycovagnes-toys\/wp-content\/uploads\/2024\/06\/rpjiorepjiorepjiore-300x300.webp\"},{\"@type\":\"BreadcrumbList\",\"@id\":\"https:\/\/rsacha.eleves.mediamatique.ch\/treycovagnes-toys\/panier\/#breadcrumb\",\"itemListElement\":[{\"@type\":\"ListItem\",\"position\":1,\"name\":\"Accueil\",\"item\":\"https:\/\/rsacha.eleves.mediamatique.ch\/treycovagnes-toys\/\"},{\"@type\":\"ListItem\",\"position\":2,\"name\":\"Panier\"}]},{\"@type\":\"WebSite\",\"@id\":\"https:\/\/rsacha.eleves.mediamatique.ch\/treycovagnes-toys\/#website\",\"url\":\"https:\/\/rsacha.eleves.mediamatique.ch\/treycovagnes-toys\/\",\"name\":\"Treycovagnes Toys\",\"description\":\"\",\"publisher\":{\"@id\":\"https:\/\/rsacha.eleves.mediamatique.ch\/treycovagnes-toys\/#organization\"},\"potentialAction\":[{\"@type\":\"SearchAction\",\"target\":{\"@type\":\"EntryPoint\",\"urlTemplate\":\"https:\/\/rsacha.eleves.mediamatique.ch\/treycovagnes-toys\/?s={search_term_string}\"},\"query-input\":\"required name=search_term_string\"}],\"inLanguage\":\"fr-FR\"},{\"@type\":\"Organization\",\"@id\":\"https:\/\/rsacha.eleves.mediamatique.ch\/treycovagnes-toys\/#organization\",\"name\":\"Treycovagnes Toys\",\"url\":\"https:\/\/rsacha.eleves.mediamatique.ch\/treycovagnes-toys\/\",\"logo\":{\"@type\":\"ImageObject\",\"inLanguage\":\"fr-FR\",\"@id\":\"https:\/\/rsacha.eleves.mediamatique.ch\/treycovagnes-toys\/#\/schema\/logo\/image\/\",\"url\":\"https:\/\/rsacha.eleves.mediamatique.ch\/treycovagnes-toys\/wp-content\/uploads\/2024\/06\/cropped-Plan-de-travail-1-copie-2.png\",\"contentUrl\":\"https:\/\/rsacha.eleves.mediamatique.ch\/treycovagnes-toys\/wp-content\/uploads\/2024\/06\/cropped-Plan-de-travail-1-copie-2.png\",\"width\":512,\"height\":512,\"caption\":\"Treycovagnes Toys\"},\"image\":{\"@id\":\"https:\/\/rsacha.eleves.mediamatique.ch\/treycovagnes-toys\/#\/schema\/logo\/image\/\"},\"sameAs\":[\"https:\/\/facebook.com\/treycovagnes-toys\"]}]}<\/script>\n<!-- \/ Yoast SEO plugin. -->","yoast_head_json":{"title":"Panier - Treycovagnes Toys","robots":{"index":"noindex","follow":"follow","max-snippet":"max-snippet:-1","max-image-preview":"max-image-preview:large","max-video-preview":"max-video-preview:-1"},"og_locale":"fr_FR","og_type":"article","og_title":"Panier - Treycovagnes Toys","og_description":"Supprimer l\u2019\u00e9l\u00e9ment Miniature Produit Prix Quantit\u00e9 Sous-total &times; Dinosaure T\u00e9l\u00e9command\u00e9 \u00ab\u00a0Rex Runner\u00a0\u00bb &#8211; Mega Rex &#67;&#72;&#70;85.00 quantit\u00e9 de Dinosaure T\u00e9l\u00e9command\u00e9 &quot;Rex Runner&quot; &#8211; Mega Rex &#67;&#72;&#70;170.00 &times; Puzzle 3D \u00ab\u00a0Ch\u00e2teau Enchant\u00e9\u00a0\u00bb &#8211; Forteresse Mystique &#67;&#72;&#70;55.00 quantit\u00e9 de Puzzle 3D &quot;Ch\u00e2teau Enchant\u00e9&quot; &#8211; Forteresse Mystique &#67;&#72;&#70;55.00 Mise \u00e0 jour le panier Appliquer le code promo Totaux [&hellip;]","og_url":"https:\/\/rsacha.eleves.mediamatique.ch\/treycovagnes-toys\/panier\/","og_site_name":"Treycovagnes Toys","article_publisher":"https:\/\/facebook.com\/treycovagnes-toys","article_modified_time":"2024-06-21T06:22:42+00:00","og_image":[{"url":"https:\/\/rsacha.eleves.mediamatique.ch\/treycovagnes-toys\/wp-content\/uploads\/2024\/06\/rpjiorepjiorepjiore-300x300.webp"}],"twitter_card":"summary_large_image","twitter_misc":{"Dur\u00e9e de lecture estim\u00e9e":"1 minute"},"schema":{"@context":"https:\/\/schema.org","@graph":[{"@type":"WebPage","@id":"https:\/\/rsacha.eleves.mediamatique.ch\/treycovagnes-toys\/panier\/","url":"https:\/\/rsacha.eleves.mediamatique.ch\/treycovagnes-toys\/panier\/","name":"Panier - Treycovagnes Toys","isPartOf":{"@id":"https:\/\/rsacha.eleves.mediamatique.ch\/treycovagnes-toys\/#website"},"primaryImageOfPage":{"@id":"https:\/\/rsacha.eleves.mediamatique.ch\/treycovagnes-toys\/panier\/#primaryimage"},"image":{"@id":"https:\/\/rsacha.eleves.mediamatique.ch\/treycovagnes-toys\/panier\/#primaryimage"},"thumbnailUrl":"https:\/\/rsacha.eleves.mediamatique.ch\/treycovagnes-toys\/wp-content\/uploads\/2024\/06\/rpjiorepjiorepjiore-300x300.webp","datePublished":"2024-06-20T06:23:35+00:00","dateModified":"2024-06-21T06:22:42+00:00","breadcrumb":{"@id":"https:\/\/rsacha.eleves.mediamatique.ch\/treycovagnes-toys\/panier\/#breadcrumb"},"inLanguage":"fr-FR","potentialAction":[{"@type":"ReadAction","target":["https:\/\/rsacha.eleves.mediamatique.ch\/treycovagnes-toys\/panier\/"]}]},{"@type":"ImageObject","inLanguage":"fr-FR","@id":"https:\/\/rsacha.eleves.mediamatique.ch\/treycovagnes-toys\/panier\/#primaryimage","url":"https:\/\/rsacha.eleves.mediamatique.ch\/treycovagnes-toys\/wp-content\/uploads\/2024\/06\/rpjiorepjiorepjiore-300x300.webp","contentUrl":"https:\/\/rsacha.eleves.mediamatique.ch\/treycovagnes-toys\/wp-content\/uploads\/2024\/06\/rpjiorepjiorepjiore-300x300.webp"},{"@type":"BreadcrumbList","@id":"https:\/\/rsacha.eleves.mediamatique.ch\/treycovagnes-toys\/panier\/#breadcrumb","itemListElement":[{"@type":"ListItem","position":1,"name":"Accueil","item":"https:\/\/rsacha.eleves.mediamatique.ch\/treycovagnes-toys\/"},{"@type":"ListItem","position":2,"name":"Panier"}]},{"@type":"WebSite","@id":"https:\/\/rsacha.eleves.mediamatique.ch\/treycovagnes-toys\/#website","url":"https:\/\/rsacha.eleves.mediamatique.ch\/treycovagnes-toys\/","name":"Treycovagnes Toys","description":"","publisher":{"@id":"https:\/\/rsacha.eleves.mediamatique.ch\/treycovagnes-toys\/#organization"},"potentialAction":[{"@type":"SearchAction","target":{"@type":"EntryPoint","urlTemplate":"https:\/\/rsacha.eleves.mediamatique.ch\/treycovagnes-toys\/?s={search_term_string}"},"query-input":"required name=search_term_string"}],"inLanguage":"fr-FR"},{"@type":"Organization","@id":"https:\/\/rsacha.eleves.mediamatique.ch\/treycovagnes-toys\/#organization","name":"Treycovagnes Toys","url":"https:\/\/rsacha.eleves.mediamatique.ch\/treycovagnes-toys\/","logo":{"@type":"ImageObject","inLanguage":"fr-FR","@id":"https:\/\/rsacha.eleves.mediamatique.ch\/treycovagnes-toys\/#\/schema\/logo\/image\/","url":"https:\/\/rsacha.eleves.mediamatique.ch\/treycovagnes-toys\/wp-content\/uploads\/2024\/06\/cropped-Plan-de-travail-1-copie-2.png","contentUrl":"https:\/\/rsacha.eleves.mediamatique.ch\/treycovagnes-toys\/wp-content\/uploads\/2024\/06\/cropped-Plan-de-travail-1-copie-2.png","width":512,"height":512,"caption":"Treycovagnes Toys"},"image":{"@id":"https:\/\/rsacha.eleves.mediamatique.ch\/treycovagnes-toys\/#\/schema\/logo\/image\/"},"sameAs":["https:\/\/facebook.com\/treycovagnes-toys"]}]}},"_links":{"self":[{"href":"https:\/\/rsacha.eleves.mediamatique.ch\/treycovagnes-toys\/wp-json\/wp\/v2\/pages\/16","targetHints":{"allow":["GET"]}}],"collection":[{"href":"https:\/\/rsacha.eleves.mediamatique.ch\/treycovagnes-toys\/wp-json\/wp\/v2\/pages"}],"about":[{"href":"https:\/\/rsacha.eleves.mediamatique.ch\/treycovagnes-toys\/wp-json\/wp\/v2\/types\/page"}],"author":[{"embeddable":true,"href":"https:\/\/rsacha.eleves.mediamatique.ch\/treycovagnes-toys\/wp-json\/wp\/v2\/users\/1"}],"replies":[{"embeddable":true,"href":"https:\/\/rsacha.eleves.mediamatique.ch\/treycovagnes-toys\/wp-json\/wp\/v2\/comments?post=16"}],"version-history":[{"count":3,"href":"https:\/\/rsacha.eleves.mediamatique.ch\/treycovagnes-toys\/wp-json\/wp\/v2\/pages\/16\/revisions"}],"predecessor-version":[{"id":338,"href":"https:\/\/rsacha.eleves.mediamatique.ch\/treycovagnes-toys\/wp-json\/wp\/v2\/pages\/16\/revisions\/338"}],"wp:attachment":[{"href":"https:\/\/rsacha.eleves.mediamatique.ch\/treycovagnes-toys\/wp-json\/wp\/v2\/media?parent=16"}],"curies":[{"name":"wp","href":"https:\/\/api.w.org\/{rel}","templated":true}]}}