{"id":437,"date":"2024-06-21T11:30:19","date_gmt":"2024-06-21T09:30:19","guid":{"rendered":"https:\/\/rsacha.eleves.mediamatique.ch\/treycovagnes-toys\/?page_id=437"},"modified":"2024-06-21T13:33:45","modified_gmt":"2024-06-21T11:33:45","slug":"reviews","status":"publish","type":"page","link":"https:\/\/rsacha.eleves.mediamatique.ch\/treycovagnes-toys\/reviews\/","title":{"rendered":"Reviews"},"content":{"rendered":"\t\t<div data-elementor-type=\"wp-page\" data-elementor-id=\"437\" class=\"elementor elementor-437\" data-elementor-post-type=\"page\">\n\t\t\t\t<div class=\"elementor-element elementor-element-aa75475 e-flex e-con-boxed e-con e-parent\" data-id=\"aa75475\" data-element_type=\"container\">\n\t\t\t\t\t<div class=\"e-con-inner\">\n\t\t\t\t<div class=\"elementor-element elementor-element-5bd2f32 elementor-widget elementor-widget-spacer\" data-id=\"5bd2f32\" data-element_type=\"widget\" data-widget_type=\"spacer.default\">\n\t\t\t\t<div class=\"elementor-widget-container\">\n\t\t\t<style>\/*! elementor - v3.22.0 - 17-06-2024 *\/\n.elementor-column .elementor-spacer-inner{height:var(--spacer-size)}.e-con{--container-widget-width:100%}.e-con-inner>.elementor-widget-spacer,.e-con>.elementor-widget-spacer{width:var(--container-widget-width,var(--spacer-size));--align-self:var(--container-widget-align-self,initial);--flex-shrink:0}.e-con-inner>.elementor-widget-spacer>.elementor-widget-container,.e-con>.elementor-widget-spacer>.elementor-widget-container{height:100%;width:100%}.e-con-inner>.elementor-widget-spacer>.elementor-widget-container>.elementor-spacer,.e-con>.elementor-widget-spacer>.elementor-widget-container>.elementor-spacer{height:100%}.e-con-inner>.elementor-widget-spacer>.elementor-widget-container>.elementor-spacer>.elementor-spacer-inner,.e-con>.elementor-widget-spacer>.elementor-widget-container>.elementor-spacer>.elementor-spacer-inner{height:var(--container-widget-height,var(--spacer-size))}.e-con-inner>.elementor-widget-spacer.elementor-widget-empty,.e-con>.elementor-widget-spacer.elementor-widget-empty{position:relative;min-height:22px;min-width:22px}.e-con-inner>.elementor-widget-spacer.elementor-widget-empty .elementor-widget-empty-icon,.e-con>.elementor-widget-spacer.elementor-widget-empty .elementor-widget-empty-icon{position:absolute;top:0;bottom:0;left:0;right:0;margin:auto;padding:0;width:22px;height:22px}<\/style>\t\t<div class=\"elementor-spacer\">\n\t\t\t<div class=\"elementor-spacer-inner\"><\/div>\n\t\t<\/div>\n\t\t\t\t<\/div>\n\t\t\t\t<\/div>\n\t\t\t\t\t<\/div>\n\t\t\t\t<\/div>\n\t\t<div class=\"elementor-element elementor-element-2bfaeb7 e-flex e-con-boxed e-con e-parent\" data-id=\"2bfaeb7\" data-element_type=\"container\">\n\t\t\t\t\t<div class=\"e-con-inner\">\n\t\t\t\t<div class=\"elementor-element elementor-element-bcae8bf elementor-grid-3 elementor-grid-tablet-2 elementor-grid-mobile-1 elementor-posts--thumbnail-top elementor-widget elementor-widget-posts\" data-id=\"bcae8bf\" data-element_type=\"widget\" data-settings=\"{&quot;classic_columns&quot;:&quot;3&quot;,&quot;classic_columns_tablet&quot;:&quot;2&quot;,&quot;classic_columns_mobile&quot;:&quot;1&quot;,&quot;classic_row_gap&quot;:{&quot;unit&quot;:&quot;px&quot;,&quot;size&quot;:35,&quot;sizes&quot;:[]},&quot;classic_row_gap_tablet&quot;:{&quot;unit&quot;:&quot;px&quot;,&quot;size&quot;:&quot;&quot;,&quot;sizes&quot;:[]},&quot;classic_row_gap_mobile&quot;:{&quot;unit&quot;:&quot;px&quot;,&quot;size&quot;:&quot;&quot;,&quot;sizes&quot;:[]}}\" data-widget_type=\"posts.classic\">\n\t\t\t\t<div class=\"elementor-widget-container\">\n\t\t\t<link rel=\"stylesheet\" href=\"https:\/\/rsacha.eleves.mediamatique.ch\/treycovagnes-toys\/wp-content\/plugins\/elementor-pro\/assets\/css\/widget-posts.min.css\">\t\t<div class=\"elementor-posts-container elementor-posts elementor-posts--skin-classic elementor-grid\">\n\t\t\t\t<article class=\"elementor-post elementor-grid-item post-456 post type-post status-publish format-standard has-post-thumbnail hentry category-review\">\n\t\t\t\t<a class=\"elementor-post__thumbnail__link\" href=\"https:\/\/rsacha.eleves.mediamatique.ch\/treycovagnes-toys\/2024\/06\/21\/a-laventure-avec-le-dinosaure-telecommande-mega-rex\/\" tabindex=\"-1\" >\n\t\t\t<div class=\"elementor-post__thumbnail\"><img fetchpriority=\"high\" decoding=\"async\" width=\"1024\" height=\"1024\" src=\"https:\/\/rsacha.eleves.mediamatique.ch\/treycovagnes-toys\/wp-content\/uploads\/2024\/06\/dino.webp\" class=\"attachment-full size-full wp-image-442\" alt=\"\" srcset=\"https:\/\/rsacha.eleves.mediamatique.ch\/treycovagnes-toys\/wp-content\/uploads\/2024\/06\/dino.webp 1024w, https:\/\/rsacha.eleves.mediamatique.ch\/treycovagnes-toys\/wp-content\/uploads\/2024\/06\/dino-300x300.webp 300w, https:\/\/rsacha.eleves.mediamatique.ch\/treycovagnes-toys\/wp-content\/uploads\/2024\/06\/dino-150x150.webp 150w, https:\/\/rsacha.eleves.mediamatique.ch\/treycovagnes-toys\/wp-content\/uploads\/2024\/06\/dino-768x768.webp 768w, https:\/\/rsacha.eleves.mediamatique.ch\/treycovagnes-toys\/wp-content\/uploads\/2024\/06\/dino-600x600.webp 600w, https:\/\/rsacha.eleves.mediamatique.ch\/treycovagnes-toys\/wp-content\/uploads\/2024\/06\/dino-100x100.webp 100w\" sizes=\"(max-width: 1024px) 100vw, 1024px\" \/><\/div>\n\t\t<\/a>\n\t\t\t\t<div class=\"elementor-post__text\">\n\t\t\t\t<h3 class=\"elementor-post__title\">\n\t\t\t<a href=\"https:\/\/rsacha.eleves.mediamatique.ch\/treycovagnes-toys\/2024\/06\/21\/a-laventure-avec-le-dinosaure-telecommande-mega-rex\/\" >\n\t\t\t\t\u00c0 l&rsquo;aventure avec le Dinosaure T\u00e9l\u00e9command\u00e9 \u00ab\u00a0Mega Rex\u00a0\u00bb\t\t\t<\/a>\n\t\t<\/h3>\n\t\t\t\t<div class=\"elementor-post__meta-data\">\n\t\t\t\t\t<span class=\"elementor-post-date\">\n\t\t\t21 juin 2024\t\t<\/span>\n\t\t\t\t<span class=\"elementor-post-avatar\">\n\t\t\tAucun commentaire\t\t<\/span>\n\t\t\t\t<\/div>\n\t\t\t\t<div class=\"elementor-post__excerpt\">\n\t\t\t<p>Le \u00ab\u00a0Mega Rex\u00a0\u00bb est un dinosaure t\u00e9l\u00e9command\u00e9 qui ravira les fans de dinosaures de tous \u00e2ges. Capable de rugir, de marcher et de r\u00e9agir aux<\/p>\n\t\t<\/div>\n\t\t\n\t\t<a class=\"elementor-post__read-more\" href=\"https:\/\/rsacha.eleves.mediamatique.ch\/treycovagnes-toys\/2024\/06\/21\/a-laventure-avec-le-dinosaure-telecommande-mega-rex\/\" aria-label=\"En savoir plus sur \u00c0 l&rsquo;aventure avec le Dinosaure T\u00e9l\u00e9command\u00e9 \u00ab\u00a0Mega Rex\u00a0\u00bb\" tabindex=\"-1\" >\n\t\t\tLire la suite \u00bb\t\t<\/a>\n\n\t\t\t\t<\/div>\n\t\t\t\t<\/article>\n\t\t\t\t<article class=\"elementor-post elementor-grid-item post-451 post type-post status-publish format-standard has-post-thumbnail hentry category-review\">\n\t\t\t\t<a class=\"elementor-post__thumbnail__link\" href=\"https:\/\/rsacha.eleves.mediamatique.ch\/treycovagnes-toys\/2024\/06\/21\/exploration-du-puzzle-3d-palais-de-cristal\/\" tabindex=\"-1\" >\n\t\t\t<div class=\"elementor-post__thumbnail\"><img decoding=\"async\" width=\"1024\" height=\"1024\" src=\"https:\/\/rsacha.eleves.mediamatique.ch\/treycovagnes-toys\/wp-content\/uploads\/2024\/06\/caslte.webp\" class=\"attachment-full size-full wp-image-443\" alt=\"\" srcset=\"https:\/\/rsacha.eleves.mediamatique.ch\/treycovagnes-toys\/wp-content\/uploads\/2024\/06\/caslte.webp 1024w, https:\/\/rsacha.eleves.mediamatique.ch\/treycovagnes-toys\/wp-content\/uploads\/2024\/06\/caslte-300x300.webp 300w, https:\/\/rsacha.eleves.mediamatique.ch\/treycovagnes-toys\/wp-content\/uploads\/2024\/06\/caslte-150x150.webp 150w, https:\/\/rsacha.eleves.mediamatique.ch\/treycovagnes-toys\/wp-content\/uploads\/2024\/06\/caslte-768x768.webp 768w, https:\/\/rsacha.eleves.mediamatique.ch\/treycovagnes-toys\/wp-content\/uploads\/2024\/06\/caslte-600x600.webp 600w, https:\/\/rsacha.eleves.mediamatique.ch\/treycovagnes-toys\/wp-content\/uploads\/2024\/06\/caslte-100x100.webp 100w\" sizes=\"(max-width: 1024px) 100vw, 1024px\" \/><\/div>\n\t\t<\/a>\n\t\t\t\t<div class=\"elementor-post__text\">\n\t\t\t\t<h3 class=\"elementor-post__title\">\n\t\t\t<a href=\"https:\/\/rsacha.eleves.mediamatique.ch\/treycovagnes-toys\/2024\/06\/21\/exploration-du-puzzle-3d-palais-de-cristal\/\" >\n\t\t\t\tExploration du Puzzle 3D \u00ab\u00a0Palais de Cristal\u00a0\u00bb\t\t\t<\/a>\n\t\t<\/h3>\n\t\t\t\t<div class=\"elementor-post__meta-data\">\n\t\t\t\t\t<span class=\"elementor-post-date\">\n\t\t\t21 juin 2024\t\t<\/span>\n\t\t\t\t<span class=\"elementor-post-avatar\">\n\t\t\tAucun commentaire\t\t<\/span>\n\t\t\t\t<\/div>\n\t\t\t\t<div class=\"elementor-post__excerpt\">\n\t\t\t<p>Le Puzzle 3D \u00ab\u00a0Palais de Cristal\u00a0\u00bb est un v\u00e9ritable d\u00e9fi qui stimule \u00e0 la fois la patience et la r\u00e9solution de probl\u00e8mes. Avec ses 700<\/p>\n\t\t<\/div>\n\t\t\n\t\t<a class=\"elementor-post__read-more\" href=\"https:\/\/rsacha.eleves.mediamatique.ch\/treycovagnes-toys\/2024\/06\/21\/exploration-du-puzzle-3d-palais-de-cristal\/\" aria-label=\"En savoir plus sur Exploration du Puzzle 3D \u00ab\u00a0Palais de Cristal\u00a0\u00bb\" tabindex=\"-1\" >\n\t\t\tLire la suite \u00bb\t\t<\/a>\n\n\t\t\t\t<\/div>\n\t\t\t\t<\/article>\n\t\t\t\t<article class=\"elementor-post elementor-grid-item post-439 post type-post status-publish format-standard has-post-thumbnail hentry category-review\">\n\t\t\t\t<a class=\"elementor-post__thumbnail__link\" href=\"https:\/\/rsacha.eleves.mediamatique.ch\/treycovagnes-toys\/2024\/06\/21\/decouverte-du-kit-de-construction-mecanique-genie-plus\/\" tabindex=\"-1\" >\n\t\t\t<div class=\"elementor-post__thumbnail\"><img decoding=\"async\" width=\"1024\" height=\"1024\" src=\"https:\/\/rsacha.eleves.mediamatique.ch\/treycovagnes-toys\/wp-content\/uploads\/2024\/06\/genieplus.webp\" class=\"attachment-full size-full wp-image-444\" alt=\"\" srcset=\"https:\/\/rsacha.eleves.mediamatique.ch\/treycovagnes-toys\/wp-content\/uploads\/2024\/06\/genieplus.webp 1024w, https:\/\/rsacha.eleves.mediamatique.ch\/treycovagnes-toys\/wp-content\/uploads\/2024\/06\/genieplus-300x300.webp 300w, https:\/\/rsacha.eleves.mediamatique.ch\/treycovagnes-toys\/wp-content\/uploads\/2024\/06\/genieplus-150x150.webp 150w, https:\/\/rsacha.eleves.mediamatique.ch\/treycovagnes-toys\/wp-content\/uploads\/2024\/06\/genieplus-768x768.webp 768w, https:\/\/rsacha.eleves.mediamatique.ch\/treycovagnes-toys\/wp-content\/uploads\/2024\/06\/genieplus-600x600.webp 600w, https:\/\/rsacha.eleves.mediamatique.ch\/treycovagnes-toys\/wp-content\/uploads\/2024\/06\/genieplus-100x100.webp 100w\" sizes=\"(max-width: 1024px) 100vw, 1024px\" \/><\/div>\n\t\t<\/a>\n\t\t\t\t<div class=\"elementor-post__text\">\n\t\t\t\t<h3 class=\"elementor-post__title\">\n\t\t\t<a href=\"https:\/\/rsacha.eleves.mediamatique.ch\/treycovagnes-toys\/2024\/06\/21\/decouverte-du-kit-de-construction-mecanique-genie-plus\/\" >\n\t\t\t\tD\u00e9couverte du Kit de Construction M\u00e9canique \u00ab\u00a0G\u00e9nie Plus\u00a0\u00bb\t\t\t<\/a>\n\t\t<\/h3>\n\t\t\t\t<div class=\"elementor-post__meta-data\">\n\t\t\t\t\t<span class=\"elementor-post-date\">\n\t\t\t21 juin 2024\t\t<\/span>\n\t\t\t\t<span class=\"elementor-post-avatar\">\n\t\t\tAucun commentaire\t\t<\/span>\n\t\t\t\t<\/div>\n\t\t\t\t<div class=\"elementor-post__excerpt\">\n\t\t\t<p>Le Kit de Construction M\u00e9canique \u00ab\u00a0G\u00e9nie Plus\u00a0\u00bb offre une exp\u00e9rience \u00e9ducative enrichissante pour les enfants passionn\u00e9s de technologie et d&rsquo;ing\u00e9nierie. Ce kit permet aux jeunes<\/p>\n\t\t<\/div>\n\t\t\n\t\t<a class=\"elementor-post__read-more\" href=\"https:\/\/rsacha.eleves.mediamatique.ch\/treycovagnes-toys\/2024\/06\/21\/decouverte-du-kit-de-construction-mecanique-genie-plus\/\" aria-label=\"En savoir plus sur D\u00e9couverte du Kit de Construction M\u00e9canique \u00ab\u00a0G\u00e9nie Plus\u00a0\u00bb\" tabindex=\"-1\" >\n\t\t\tLire la suite \u00bb\t\t<\/a>\n\n\t\t\t\t<\/div>\n\t\t\t\t<\/article>\n\t\t\t\t<\/div>\n\t\t\n\t\t\t\t<\/div>\n\t\t\t\t<\/div>\n\t\t\t\t\t<\/div>\n\t\t\t\t<\/div>\n\t\t<div class=\"elementor-element elementor-element-b97d1f0 e-flex e-con-boxed e-con e-parent\" data-id=\"b97d1f0\" data-element_type=\"container\">\n\t\t\t\t\t<div class=\"e-con-inner\">\n\t\t\t\t<div class=\"elementor-element elementor-element-80d43b9 elementor-grid-3 elementor-grid-tablet-2 elementor-grid-mobile-1 elementor-posts--thumbnail-top elementor-widget elementor-widget-archive-posts\" data-id=\"80d43b9\" data-element_type=\"widget\" data-settings=\"{&quot;archive_classic_columns&quot;:&quot;3&quot;,&quot;archive_classic_columns_tablet&quot;:&quot;2&quot;,&quot;archive_classic_columns_mobile&quot;:&quot;1&quot;,&quot;archive_classic_row_gap&quot;:{&quot;unit&quot;:&quot;px&quot;,&quot;size&quot;:35,&quot;sizes&quot;:[]},&quot;archive_classic_row_gap_tablet&quot;:{&quot;unit&quot;:&quot;px&quot;,&quot;size&quot;:&quot;&quot;,&quot;sizes&quot;:[]},&quot;archive_classic_row_gap_mobile&quot;:{&quot;unit&quot;:&quot;px&quot;,&quot;size&quot;:&quot;&quot;,&quot;sizes&quot;:[]},&quot;pagination_type&quot;:&quot;numbers&quot;}\" data-widget_type=\"archive-posts.archive_classic\">\n\t\t\t\t<div class=\"elementor-widget-container\">\n\t\t\t\t\t<div class=\"elementor-posts-container elementor-posts elementor-posts--skin-classic elementor-grid\">\n\t\t\t\t\t\t<div class=\"elementor-posts-nothing-found\">\n\t\t\t\t\tIl semble que nous ne trouvions pas ce que vous cherchez.\t\t\t\t<\/div>\n\t\t\t\t\t<\/div>\n\t\t\n\t\t\t\t<\/div>\n\t\t\t\t<\/div>\n\t\t\t\t\t<\/div>\n\t\t\t\t<\/div>\n\t\t\t\t<\/div>\n\t\t","protected":false},"excerpt":{"rendered":"","protected":false},"author":1,"featured_media":0,"parent":0,"menu_order":0,"comment_status":"closed","ping_status":"closed","template":"","meta":{"footnotes":""},"class_list":["post-437","page","type-page","status-publish","hentry"],"yoast_head":"<!-- This site is optimized with the Yoast SEO plugin v22.9 - https:\/\/yoast.com\/wordpress\/plugins\/seo\/ -->\n<title>Reviews - Treycovagnes Toys<\/title>\n<meta name=\"robots\" content=\"noindex, follow, max-snippet:-1, max-image-preview:large, max-video-preview:-1\" \/>\n<meta property=\"og:locale\" content=\"fr_FR\" \/>\n<meta property=\"og:type\" content=\"article\" \/>\n<meta property=\"og:title\" content=\"Reviews - Treycovagnes Toys\" \/>\n<meta property=\"og:url\" content=\"https:\/\/rsacha.eleves.mediamatique.ch\/treycovagnes-toys\/reviews\/\" \/>\n<meta property=\"og:site_name\" content=\"Treycovagnes Toys\" \/>\n<meta property=\"article:publisher\" content=\"https:\/\/facebook.com\/treycovagnes-toys\" \/>\n<meta property=\"article:modified_time\" content=\"2024-06-21T11:33:45+00:00\" \/>\n<meta name=\"twitter:card\" content=\"summary_large_image\" \/>\n<meta name=\"twitter:label1\" content=\"Dur\u00e9e de lecture estim\u00e9e\" \/>\n\t<meta name=\"twitter:data1\" content=\"2 minutes\" \/>\n<script type=\"application\/ld+json\" class=\"yoast-schema-graph\">{\"@context\":\"https:\/\/schema.org\",\"@graph\":[{\"@type\":\"WebPage\",\"@id\":\"https:\/\/rsacha.eleves.mediamatique.ch\/treycovagnes-toys\/reviews\/\",\"url\":\"https:\/\/rsacha.eleves.mediamatique.ch\/treycovagnes-toys\/reviews\/\",\"name\":\"Reviews - Treycovagnes Toys\",\"isPartOf\":{\"@id\":\"https:\/\/rsacha.eleves.mediamatique.ch\/treycovagnes-toys\/#website\"},\"datePublished\":\"2024-06-21T09:30:19+00:00\",\"dateModified\":\"2024-06-21T11:33:45+00:00\",\"breadcrumb\":{\"@id\":\"https:\/\/rsacha.eleves.mediamatique.ch\/treycovagnes-toys\/reviews\/#breadcrumb\"},\"inLanguage\":\"fr-FR\",\"potentialAction\":[{\"@type\":\"ReadAction\",\"target\":[\"https:\/\/rsacha.eleves.mediamatique.ch\/treycovagnes-toys\/reviews\/\"]}]},{\"@type\":\"BreadcrumbList\",\"@id\":\"https:\/\/rsacha.eleves.mediamatique.ch\/treycovagnes-toys\/reviews\/#breadcrumb\",\"itemListElement\":[{\"@type\":\"ListItem\",\"position\":1,\"name\":\"Accueil\",\"item\":\"https:\/\/rsacha.eleves.mediamatique.ch\/treycovagnes-toys\/\"},{\"@type\":\"ListItem\",\"position\":2,\"name\":\"Reviews\"}]},{\"@type\":\"WebSite\",\"@id\":\"https:\/\/rsacha.eleves.mediamatique.ch\/treycovagnes-toys\/#website\",\"url\":\"https:\/\/rsacha.eleves.mediamatique.ch\/treycovagnes-toys\/\",\"name\":\"Treycovagnes Toys\",\"description\":\"\",\"publisher\":{\"@id\":\"https:\/\/rsacha.eleves.mediamatique.ch\/treycovagnes-toys\/#organization\"},\"potentialAction\":[{\"@type\":\"SearchAction\",\"target\":{\"@type\":\"EntryPoint\",\"urlTemplate\":\"https:\/\/rsacha.eleves.mediamatique.ch\/treycovagnes-toys\/?s={search_term_string}\"},\"query-input\":\"required name=search_term_string\"}],\"inLanguage\":\"fr-FR\"},{\"@type\":\"Organization\",\"@id\":\"https:\/\/rsacha.eleves.mediamatique.ch\/treycovagnes-toys\/#organization\",\"name\":\"Treycovagnes Toys\",\"url\":\"https:\/\/rsacha.eleves.mediamatique.ch\/treycovagnes-toys\/\",\"logo\":{\"@type\":\"ImageObject\",\"inLanguage\":\"fr-FR\",\"@id\":\"https:\/\/rsacha.eleves.mediamatique.ch\/treycovagnes-toys\/#\/schema\/logo\/image\/\",\"url\":\"https:\/\/rsacha.eleves.mediamatique.ch\/treycovagnes-toys\/wp-content\/uploads\/2024\/06\/cropped-Plan-de-travail-1-copie-2.png\",\"contentUrl\":\"https:\/\/rsacha.eleves.mediamatique.ch\/treycovagnes-toys\/wp-content\/uploads\/2024\/06\/cropped-Plan-de-travail-1-copie-2.png\",\"width\":512,\"height\":512,\"caption\":\"Treycovagnes Toys\"},\"image\":{\"@id\":\"https:\/\/rsacha.eleves.mediamatique.ch\/treycovagnes-toys\/#\/schema\/logo\/image\/\"},\"sameAs\":[\"https:\/\/facebook.com\/treycovagnes-toys\"]}]}<\/script>\n<!-- \/ Yoast SEO plugin. -->","yoast_head_json":{"title":"Reviews - Treycovagnes Toys","robots":{"index":"noindex","follow":"follow","max-snippet":"max-snippet:-1","max-image-preview":"max-image-preview:large","max-video-preview":"max-video-preview:-1"},"og_locale":"fr_FR","og_type":"article","og_title":"Reviews - Treycovagnes Toys","og_url":"https:\/\/rsacha.eleves.mediamatique.ch\/treycovagnes-toys\/reviews\/","og_site_name":"Treycovagnes Toys","article_publisher":"https:\/\/facebook.com\/treycovagnes-toys","article_modified_time":"2024-06-21T11:33:45+00:00","twitter_card":"summary_large_image","twitter_misc":{"Dur\u00e9e de lecture estim\u00e9e":"2 minutes"},"schema":{"@context":"https:\/\/schema.org","@graph":[{"@type":"WebPage","@id":"https:\/\/rsacha.eleves.mediamatique.ch\/treycovagnes-toys\/reviews\/","url":"https:\/\/rsacha.eleves.mediamatique.ch\/treycovagnes-toys\/reviews\/","name":"Reviews - Treycovagnes Toys","isPartOf":{"@id":"https:\/\/rsacha.eleves.mediamatique.ch\/treycovagnes-toys\/#website"},"datePublished":"2024-06-21T09:30:19+00:00","dateModified":"2024-06-21T11:33:45+00:00","breadcrumb":{"@id":"https:\/\/rsacha.eleves.mediamatique.ch\/treycovagnes-toys\/reviews\/#breadcrumb"},"inLanguage":"fr-FR","potentialAction":[{"@type":"ReadAction","target":["https:\/\/rsacha.eleves.mediamatique.ch\/treycovagnes-toys\/reviews\/"]}]},{"@type":"BreadcrumbList","@id":"https:\/\/rsacha.eleves.mediamatique.ch\/treycovagnes-toys\/reviews\/#breadcrumb","itemListElement":[{"@type":"ListItem","position":1,"name":"Accueil","item":"https:\/\/rsacha.eleves.mediamatique.ch\/treycovagnes-toys\/"},{"@type":"ListItem","position":2,"name":"Reviews"}]},{"@type":"WebSite","@id":"https:\/\/rsacha.eleves.mediamatique.ch\/treycovagnes-toys\/#website","url":"https:\/\/rsacha.eleves.mediamatique.ch\/treycovagnes-toys\/","name":"Treycovagnes Toys","description":"","publisher":{"@id":"https:\/\/rsacha.eleves.mediamatique.ch\/treycovagnes-toys\/#organization"},"potentialAction":[{"@type":"SearchAction","target":{"@type":"EntryPoint","urlTemplate":"https:\/\/rsacha.eleves.mediamatique.ch\/treycovagnes-toys\/?s={search_term_string}"},"query-input":"required name=search_term_string"}],"inLanguage":"fr-FR"},{"@type":"Organization","@id":"https:\/\/rsacha.eleves.mediamatique.ch\/treycovagnes-toys\/#organization","name":"Treycovagnes Toys","url":"https:\/\/rsacha.eleves.mediamatique.ch\/treycovagnes-toys\/","logo":{"@type":"ImageObject","inLanguage":"fr-FR","@id":"https:\/\/rsacha.eleves.mediamatique.ch\/treycovagnes-toys\/#\/schema\/logo\/image\/","url":"https:\/\/rsacha.eleves.mediamatique.ch\/treycovagnes-toys\/wp-content\/uploads\/2024\/06\/cropped-Plan-de-travail-1-copie-2.png","contentUrl":"https:\/\/rsacha.eleves.mediamatique.ch\/treycovagnes-toys\/wp-content\/uploads\/2024\/06\/cropped-Plan-de-travail-1-copie-2.png","width":512,"height":512,"caption":"Treycovagnes Toys"},"image":{"@id":"https:\/\/rsacha.eleves.mediamatique.ch\/treycovagnes-toys\/#\/schema\/logo\/image\/"},"sameAs":["https:\/\/facebook.com\/treycovagnes-toys"]}]}},"_links":{"self":[{"href":"https:\/\/rsacha.eleves.mediamatique.ch\/treycovagnes-toys\/wp-json\/wp\/v2\/pages\/437","targetHints":{"allow":["GET"]}}],"collection":[{"href":"https:\/\/rsacha.eleves.mediamatique.ch\/treycovagnes-toys\/wp-json\/wp\/v2\/pages"}],"about":[{"href":"https:\/\/rsacha.eleves.mediamatique.ch\/treycovagnes-toys\/wp-json\/wp\/v2\/types\/page"}],"author":[{"embeddable":true,"href":"https:\/\/rsacha.eleves.mediamatique.ch\/treycovagnes-toys\/wp-json\/wp\/v2\/users\/1"}],"replies":[{"embeddable":true,"href":"https:\/\/rsacha.eleves.mediamatique.ch\/treycovagnes-toys\/wp-json\/wp\/v2\/comments?post=437"}],"version-history":[{"count":14,"href":"https:\/\/rsacha.eleves.mediamatique.ch\/treycovagnes-toys\/wp-json\/wp\/v2\/pages\/437\/revisions"}],"predecessor-version":[{"id":501,"href":"https:\/\/rsacha.eleves.mediamatique.ch\/treycovagnes-toys\/wp-json\/wp\/v2\/pages\/437\/revisions\/501"}],"wp:attachment":[{"href":"https:\/\/rsacha.eleves.mediamatique.ch\/treycovagnes-toys\/wp-json\/wp\/v2\/media?parent=437"}],"curies":[{"name":"wp","href":"https:\/\/api.w.org\/{rel}","templated":true}]}}