{"id":20,"date":"2024-06-20T09:30:05","date_gmt":"2024-06-20T07:30:05","guid":{"rendered":"https:\/\/rsacha.eleves.mediamatique.ch\/treycovagnes-toys\/?post_type=product&#038;p=20"},"modified":"2024-06-20T12:08:35","modified_gmt":"2024-06-20T10:08:35","slug":"kit-de-construction-mecanique-genie","status":"publish","type":"product","link":"https:\/\/rsacha.eleves.mediamatique.ch\/treycovagnes-toys\/produit\/kit-de-construction-mecanique-genie\/","title":{"rendered":"Kit de Construction M\u00e9canique \u00ab\u00a0G\u00e9nie\u00a0\u00bb"},"content":{"rendered":"<div class=\"members-access-error\">D\u00e9sol\u00e9, vous n&#039;\u00eates pas autoris\u00e9 \u00e0 voir ce contenu.<\/div>\n","protected":false},"excerpt":{"rendered":"<div class=\"members-access-error\">D\u00e9sol\u00e9, vous n&#039;\u00eates pas autoris\u00e9 \u00e0 voir ce contenu.<\/div>\n","protected":false},"featured_media":21,"comment_status":"open","ping_status":"closed","template":"","meta":[],"product_cat":[15],"product_tag":[],"class_list":{"0":"post-20","1":"product","2":"type-product","3":"status-publish","4":"has-post-thumbnail","6":"product_cat-non-classe","8":"first","9":"instock","10":"shipping-taxable","11":"purchasable","12":"product-type-variable"},"yoast_head":"<!-- This site is optimized with the Yoast SEO plugin v22.9 - https:\/\/yoast.com\/wordpress\/plugins\/seo\/ -->\n<title>Kit de Construction M\u00e9canique &quot;G\u00e9nie&quot; - Treycovagnes Toys<\/title>\n<meta name=\"robots\" content=\"noindex, follow, max-snippet:-1, max-image-preview:large, max-video-preview:-1\" \/>\n<meta property=\"og:locale\" content=\"fr_FR\" \/>\n<meta property=\"og:type\" content=\"article\" \/>\n<meta property=\"og:title\" content=\"Kit de Construction M\u00e9canique &quot;G\u00e9nie&quot; - Treycovagnes Toys\" \/>\n<meta property=\"og:description\" content=\"D\u00e9sol\u00e9, vous n&#039;\u00eates pas autoris\u00e9 \u00e0 voir ce contenu.\" \/>\n<meta property=\"og:url\" content=\"https:\/\/rsacha.eleves.mediamatique.ch\/treycovagnes-toys\/produit\/kit-de-construction-mecanique-genie\/\" \/>\n<meta property=\"og:site_name\" content=\"Treycovagnes Toys\" \/>\n<meta property=\"article:publisher\" content=\"https:\/\/facebook.com\/treycovagnes-toys\" \/>\n<meta property=\"article:modified_time\" content=\"2024-06-20T10:08:35+00:00\" \/>\n<meta property=\"og:image\" content=\"https:\/\/rsacha.eleves.mediamatique.ch\/treycovagnes-toys\/wp-content\/uploads\/2024\/06\/sfdhuiohuiore.webp\" \/>\n\t<meta property=\"og:image:width\" content=\"1024\" \/>\n\t<meta property=\"og:image:height\" content=\"1024\" \/>\n\t<meta property=\"og:image:type\" content=\"image\/webp\" \/>\n<meta name=\"twitter:card\" content=\"summary_large_image\" \/>\n<meta name=\"twitter:label1\" content=\"Dur\u00e9e de lecture estim\u00e9e\" \/>\n\t<meta name=\"twitter:data1\" content=\"1 minute\" \/>\n<script type=\"application\/ld+json\" class=\"yoast-schema-graph\">{\"@context\":\"https:\/\/schema.org\",\"@graph\":[{\"@type\":\"WebPage\",\"@id\":\"https:\/\/rsacha.eleves.mediamatique.ch\/treycovagnes-toys\/produit\/kit-de-construction-mecanique-genie\/\",\"url\":\"https:\/\/rsacha.eleves.mediamatique.ch\/treycovagnes-toys\/produit\/kit-de-construction-mecanique-genie\/\",\"name\":\"Kit de Construction M\u00e9canique \\\"G\u00e9nie\\\" - Treycovagnes Toys\",\"isPartOf\":{\"@id\":\"https:\/\/rsacha.eleves.mediamatique.ch\/treycovagnes-toys\/#website\"},\"primaryImageOfPage\":{\"@id\":\"https:\/\/rsacha.eleves.mediamatique.ch\/treycovagnes-toys\/produit\/kit-de-construction-mecanique-genie\/#primaryimage\"},\"image\":{\"@id\":\"https:\/\/rsacha.eleves.mediamatique.ch\/treycovagnes-toys\/produit\/kit-de-construction-mecanique-genie\/#primaryimage\"},\"thumbnailUrl\":\"https:\/\/rsacha.eleves.mediamatique.ch\/treycovagnes-toys\/wp-content\/uploads\/2024\/06\/sfdhuiohuiore.webp\",\"datePublished\":\"2024-06-20T07:30:05+00:00\",\"dateModified\":\"2024-06-20T10:08:35+00:00\",\"breadcrumb\":{\"@id\":\"https:\/\/rsacha.eleves.mediamatique.ch\/treycovagnes-toys\/produit\/kit-de-construction-mecanique-genie\/#breadcrumb\"},\"inLanguage\":\"fr-FR\",\"potentialAction\":[{\"@type\":\"ReadAction\",\"target\":[\"https:\/\/rsacha.eleves.mediamatique.ch\/treycovagnes-toys\/produit\/kit-de-construction-mecanique-genie\/\"]}]},{\"@type\":\"ImageObject\",\"inLanguage\":\"fr-FR\",\"@id\":\"https:\/\/rsacha.eleves.mediamatique.ch\/treycovagnes-toys\/produit\/kit-de-construction-mecanique-genie\/#primaryimage\",\"url\":\"https:\/\/rsacha.eleves.mediamatique.ch\/treycovagnes-toys\/wp-content\/uploads\/2024\/06\/sfdhuiohuiore.webp\",\"contentUrl\":\"https:\/\/rsacha.eleves.mediamatique.ch\/treycovagnes-toys\/wp-content\/uploads\/2024\/06\/sfdhuiohuiore.webp\",\"width\":1024,\"height\":1024},{\"@type\":\"BreadcrumbList\",\"@id\":\"https:\/\/rsacha.eleves.mediamatique.ch\/treycovagnes-toys\/produit\/kit-de-construction-mecanique-genie\/#breadcrumb\",\"itemListElement\":[{\"@type\":\"ListItem\",\"position\":1,\"name\":\"Accueil\",\"item\":\"https:\/\/rsacha.eleves.mediamatique.ch\/treycovagnes-toys\/\"},{\"@type\":\"ListItem\",\"position\":2,\"name\":\"Produits\",\"item\":\"https:\/\/rsacha.eleves.mediamatique.ch\/treycovagnes-toys\/produits\/\"},{\"@type\":\"ListItem\",\"position\":3,\"name\":\"Kit de Construction M\u00e9canique \u00ab\u00a0G\u00e9nie\u00a0\u00bb\"}]},{\"@type\":\"WebSite\",\"@id\":\"https:\/\/rsacha.eleves.mediamatique.ch\/treycovagnes-toys\/#website\",\"url\":\"https:\/\/rsacha.eleves.mediamatique.ch\/treycovagnes-toys\/\",\"name\":\"Treycovagnes Toys\",\"description\":\"\",\"publisher\":{\"@id\":\"https:\/\/rsacha.eleves.mediamatique.ch\/treycovagnes-toys\/#organization\"},\"potentialAction\":[{\"@type\":\"SearchAction\",\"target\":{\"@type\":\"EntryPoint\",\"urlTemplate\":\"https:\/\/rsacha.eleves.mediamatique.ch\/treycovagnes-toys\/?s={search_term_string}\"},\"query-input\":\"required name=search_term_string\"}],\"inLanguage\":\"fr-FR\"},{\"@type\":\"Organization\",\"@id\":\"https:\/\/rsacha.eleves.mediamatique.ch\/treycovagnes-toys\/#organization\",\"name\":\"Treycovagnes Toys\",\"url\":\"https:\/\/rsacha.eleves.mediamatique.ch\/treycovagnes-toys\/\",\"logo\":{\"@type\":\"ImageObject\",\"inLanguage\":\"fr-FR\",\"@id\":\"https:\/\/rsacha.eleves.mediamatique.ch\/treycovagnes-toys\/#\/schema\/logo\/image\/\",\"url\":\"https:\/\/rsacha.eleves.mediamatique.ch\/treycovagnes-toys\/wp-content\/uploads\/2024\/06\/cropped-Plan-de-travail-1-copie-2.png\",\"contentUrl\":\"https:\/\/rsacha.eleves.mediamatique.ch\/treycovagnes-toys\/wp-content\/uploads\/2024\/06\/cropped-Plan-de-travail-1-copie-2.png\",\"width\":512,\"height\":512,\"caption\":\"Treycovagnes Toys\"},\"image\":{\"@id\":\"https:\/\/rsacha.eleves.mediamatique.ch\/treycovagnes-toys\/#\/schema\/logo\/image\/\"},\"sameAs\":[\"https:\/\/facebook.com\/treycovagnes-toys\"]}]}<\/script>\n<!-- \/ Yoast SEO plugin. -->","yoast_head_json":{"title":"Kit de Construction M\u00e9canique \"G\u00e9nie\" - Treycovagnes Toys","robots":{"index":"noindex","follow":"follow","max-snippet":"max-snippet:-1","max-image-preview":"max-image-preview:large","max-video-preview":"max-video-preview:-1"},"og_locale":"fr_FR","og_type":"article","og_title":"Kit de Construction M\u00e9canique \"G\u00e9nie\" - Treycovagnes Toys","og_description":"D\u00e9sol\u00e9, vous n&#039;\u00eates pas autoris\u00e9 \u00e0 voir ce contenu.","og_url":"https:\/\/rsacha.eleves.mediamatique.ch\/treycovagnes-toys\/produit\/kit-de-construction-mecanique-genie\/","og_site_name":"Treycovagnes Toys","article_publisher":"https:\/\/facebook.com\/treycovagnes-toys","article_modified_time":"2024-06-20T10:08:35+00:00","og_image":[{"width":1024,"height":1024,"url":"https:\/\/rsacha.eleves.mediamatique.ch\/treycovagnes-toys\/wp-content\/uploads\/2024\/06\/sfdhuiohuiore.webp","type":"image\/webp"}],"twitter_card":"summary_large_image","twitter_misc":{"Dur\u00e9e de lecture estim\u00e9e":"1 minute"},"schema":{"@context":"https:\/\/schema.org","@graph":[{"@type":"WebPage","@id":"https:\/\/rsacha.eleves.mediamatique.ch\/treycovagnes-toys\/produit\/kit-de-construction-mecanique-genie\/","url":"https:\/\/rsacha.eleves.mediamatique.ch\/treycovagnes-toys\/produit\/kit-de-construction-mecanique-genie\/","name":"Kit de Construction M\u00e9canique \"G\u00e9nie\" - Treycovagnes Toys","isPartOf":{"@id":"https:\/\/rsacha.eleves.mediamatique.ch\/treycovagnes-toys\/#website"},"primaryImageOfPage":{"@id":"https:\/\/rsacha.eleves.mediamatique.ch\/treycovagnes-toys\/produit\/kit-de-construction-mecanique-genie\/#primaryimage"},"image":{"@id":"https:\/\/rsacha.eleves.mediamatique.ch\/treycovagnes-toys\/produit\/kit-de-construction-mecanique-genie\/#primaryimage"},"thumbnailUrl":"https:\/\/rsacha.eleves.mediamatique.ch\/treycovagnes-toys\/wp-content\/uploads\/2024\/06\/sfdhuiohuiore.webp","datePublished":"2024-06-20T07:30:05+00:00","dateModified":"2024-06-20T10:08:35+00:00","breadcrumb":{"@id":"https:\/\/rsacha.eleves.mediamatique.ch\/treycovagnes-toys\/produit\/kit-de-construction-mecanique-genie\/#breadcrumb"},"inLanguage":"fr-FR","potentialAction":[{"@type":"ReadAction","target":["https:\/\/rsacha.eleves.mediamatique.ch\/treycovagnes-toys\/produit\/kit-de-construction-mecanique-genie\/"]}]},{"@type":"ImageObject","inLanguage":"fr-FR","@id":"https:\/\/rsacha.eleves.mediamatique.ch\/treycovagnes-toys\/produit\/kit-de-construction-mecanique-genie\/#primaryimage","url":"https:\/\/rsacha.eleves.mediamatique.ch\/treycovagnes-toys\/wp-content\/uploads\/2024\/06\/sfdhuiohuiore.webp","contentUrl":"https:\/\/rsacha.eleves.mediamatique.ch\/treycovagnes-toys\/wp-content\/uploads\/2024\/06\/sfdhuiohuiore.webp","width":1024,"height":1024},{"@type":"BreadcrumbList","@id":"https:\/\/rsacha.eleves.mediamatique.ch\/treycovagnes-toys\/produit\/kit-de-construction-mecanique-genie\/#breadcrumb","itemListElement":[{"@type":"ListItem","position":1,"name":"Accueil","item":"https:\/\/rsacha.eleves.mediamatique.ch\/treycovagnes-toys\/"},{"@type":"ListItem","position":2,"name":"Produits","item":"https:\/\/rsacha.eleves.mediamatique.ch\/treycovagnes-toys\/produits\/"},{"@type":"ListItem","position":3,"name":"Kit de Construction M\u00e9canique \u00ab\u00a0G\u00e9nie\u00a0\u00bb"}]},{"@type":"WebSite","@id":"https:\/\/rsacha.eleves.mediamatique.ch\/treycovagnes-toys\/#website","url":"https:\/\/rsacha.eleves.mediamatique.ch\/treycovagnes-toys\/","name":"Treycovagnes Toys","description":"","publisher":{"@id":"https:\/\/rsacha.eleves.mediamatique.ch\/treycovagnes-toys\/#organization"},"potentialAction":[{"@type":"SearchAction","target":{"@type":"EntryPoint","urlTemplate":"https:\/\/rsacha.eleves.mediamatique.ch\/treycovagnes-toys\/?s={search_term_string}"},"query-input":"required name=search_term_string"}],"inLanguage":"fr-FR"},{"@type":"Organization","@id":"https:\/\/rsacha.eleves.mediamatique.ch\/treycovagnes-toys\/#organization","name":"Treycovagnes Toys","url":"https:\/\/rsacha.eleves.mediamatique.ch\/treycovagnes-toys\/","logo":{"@type":"ImageObject","inLanguage":"fr-FR","@id":"https:\/\/rsacha.eleves.mediamatique.ch\/treycovagnes-toys\/#\/schema\/logo\/image\/","url":"https:\/\/rsacha.eleves.mediamatique.ch\/treycovagnes-toys\/wp-content\/uploads\/2024\/06\/cropped-Plan-de-travail-1-copie-2.png","contentUrl":"https:\/\/rsacha.eleves.mediamatique.ch\/treycovagnes-toys\/wp-content\/uploads\/2024\/06\/cropped-Plan-de-travail-1-copie-2.png","width":512,"height":512,"caption":"Treycovagnes Toys"},"image":{"@id":"https:\/\/rsacha.eleves.mediamatique.ch\/treycovagnes-toys\/#\/schema\/logo\/image\/"},"sameAs":["https:\/\/facebook.com\/treycovagnes-toys"]}]}},"_links":{"self":[{"href":"https:\/\/rsacha.eleves.mediamatique.ch\/treycovagnes-toys\/wp-json\/wp\/v2\/product\/20","targetHints":{"allow":["GET"]}}],"collection":[{"href":"https:\/\/rsacha.eleves.mediamatique.ch\/treycovagnes-toys\/wp-json\/wp\/v2\/product"}],"about":[{"href":"https:\/\/rsacha.eleves.mediamatique.ch\/treycovagnes-toys\/wp-json\/wp\/v2\/types\/product"}],"replies":[{"embeddable":true,"href":"https:\/\/rsacha.eleves.mediamatique.ch\/treycovagnes-toys\/wp-json\/wp\/v2\/comments?post=20"}],"wp:featuredmedia":[{"embeddable":true,"href":"https:\/\/rsacha.eleves.mediamatique.ch\/treycovagnes-toys\/wp-json\/wp\/v2\/media\/21"}],"wp:attachment":[{"href":"https:\/\/rsacha.eleves.mediamatique.ch\/treycovagnes-toys\/wp-json\/wp\/v2\/media?parent=20"}],"wp:term":[{"taxonomy":"product_cat","embeddable":true,"href":"https:\/\/rsacha.eleves.mediamatique.ch\/treycovagnes-toys\/wp-json\/wp\/v2\/product_cat?post=20"},{"taxonomy":"product_tag","embeddable":true,"href":"https:\/\/rsacha.eleves.mediamatique.ch\/treycovagnes-toys\/wp-json\/wp\/v2\/product_tag?post=20"}],"curies":[{"name":"wp","href":"https:\/\/api.w.org\/{rel}","templated":true}]}}