{"id":38,"date":"2024-06-20T09:33:56","date_gmt":"2024-06-20T07:33:56","guid":{"rendered":"https:\/\/rsacha.eleves.mediamatique.ch\/treycovagnes-toys\/?post_type=product&#038;p=38"},"modified":"2024-06-20T13:30:25","modified_gmt":"2024-06-20T11:30:25","slug":"puzzle-3d-chateau-enchante","status":"publish","type":"product","link":"https:\/\/rsacha.eleves.mediamatique.ch\/treycovagnes-toys\/produit\/puzzle-3d-chateau-enchante\/","title":{"rendered":"Puzzle 3D \u00ab\u00a0Ch\u00e2teau Enchant\u00e9\u00a0\u00bb"},"content":{"rendered":"<p>Explorez la magie d&rsquo;un ancien ch\u00e2teau avec notre Puzzle 3D \u00ab\u00a0Ch\u00e2teau Enchant\u00e9\u00a0\u00bb. Adapt\u00e9 aux enfants de 10 ans et plus, ce puzzle en bois de 500 pi\u00e8ces transforme le temps de jeu en une aventure \u00e9pique. Une fois assembl\u00e9, le ch\u00e2teau r\u00e9v\u00e8le des salles secr\u00e8tes et des trappes cach\u00e9es, offrant des heures de divertissement cr\u00e9atif. C&rsquo;est le cadeau id\u00e9al pour d\u00e9velopper la motricit\u00e9 fine et l&rsquo;attention aux d\u00e9tails.<\/p>\n","protected":false},"excerpt":{"rendered":"<p>Explorez la magie d&rsquo;un ancien ch\u00e2teau avec notre Puzzle 3D \u00ab\u00a0Ch\u00e2teau Enchant\u00e9\u00a0\u00bb. Adapt\u00e9 aux enfants de 10 ans et plus, ce puzzle en bois de 500 pi\u00e8ces transforme le temps de jeu en une aventure \u00e9pique. Une fois assembl\u00e9, le ch\u00e2teau r\u00e9v\u00e8le des salles secr\u00e8tes et des trappes cach\u00e9es, offrant des heures de divertissement cr\u00e9atif. [&hellip;]<\/p>\n","protected":false},"featured_media":36,"comment_status":"open","ping_status":"closed","template":"","meta":[],"product_cat":[15],"product_tag":[],"class_list":{"0":"post-38","1":"product","2":"type-product","3":"status-publish","4":"has-post-thumbnail","6":"product_cat-non-classe","8":"first","9":"instock","10":"sale","11":"shipping-taxable","12":"purchasable","13":"product-type-variable"},"yoast_head":"<!-- This site is optimized with the Yoast SEO plugin v22.9 - https:\/\/yoast.com\/wordpress\/plugins\/seo\/ -->\n<title>Puzzle 3D &quot;Ch\u00e2teau Enchant\u00e9&quot; - Treycovagnes Toys<\/title>\n<meta name=\"robots\" content=\"noindex, follow, max-snippet:-1, max-image-preview:large, max-video-preview:-1\" \/>\n<meta property=\"og:locale\" content=\"fr_FR\" \/>\n<meta property=\"og:type\" content=\"article\" \/>\n<meta property=\"og:title\" content=\"Puzzle 3D &quot;Ch\u00e2teau Enchant\u00e9&quot; - Treycovagnes Toys\" \/>\n<meta property=\"og:description\" content=\"Explorez la magie d&rsquo;un ancien ch\u00e2teau avec notre Puzzle 3D \u00ab\u00a0Ch\u00e2teau Enchant\u00e9\u00a0\u00bb. Adapt\u00e9 aux enfants de 10 ans et plus, ce puzzle en bois de 500 pi\u00e8ces transforme le temps de jeu en une aventure \u00e9pique. Une fois assembl\u00e9, le ch\u00e2teau r\u00e9v\u00e8le des salles secr\u00e8tes et des trappes cach\u00e9es, offrant des heures de divertissement cr\u00e9atif. [&hellip;]\" \/>\n<meta property=\"og:url\" content=\"https:\/\/rsacha.eleves.mediamatique.ch\/treycovagnes-toys\/produit\/puzzle-3d-chateau-enchante\/\" \/>\n<meta property=\"og:site_name\" content=\"Treycovagnes Toys\" \/>\n<meta property=\"article:publisher\" content=\"https:\/\/facebook.com\/treycovagnes-toys\" \/>\n<meta property=\"article:modified_time\" content=\"2024-06-20T11:30:25+00:00\" \/>\n<meta property=\"og:image\" content=\"https:\/\/rsacha.eleves.mediamatique.ch\/treycovagnes-toys\/wp-content\/uploads\/2024\/06\/epjiowepjio-1.webp\" \/>\n\t<meta property=\"og:image:width\" content=\"1024\" \/>\n\t<meta property=\"og:image:height\" content=\"1024\" \/>\n\t<meta property=\"og:image:type\" content=\"image\/webp\" \/>\n<meta name=\"twitter:card\" content=\"summary_large_image\" \/>\n<script type=\"application\/ld+json\" class=\"yoast-schema-graph\">{\"@context\":\"https:\/\/schema.org\",\"@graph\":[{\"@type\":\"WebPage\",\"@id\":\"https:\/\/rsacha.eleves.mediamatique.ch\/treycovagnes-toys\/produit\/puzzle-3d-chateau-enchante\/\",\"url\":\"https:\/\/rsacha.eleves.mediamatique.ch\/treycovagnes-toys\/produit\/puzzle-3d-chateau-enchante\/\",\"name\":\"Puzzle 3D \\\"Ch\u00e2teau Enchant\u00e9\\\" - Treycovagnes Toys\",\"isPartOf\":{\"@id\":\"https:\/\/rsacha.eleves.mediamatique.ch\/treycovagnes-toys\/#website\"},\"primaryImageOfPage\":{\"@id\":\"https:\/\/rsacha.eleves.mediamatique.ch\/treycovagnes-toys\/produit\/puzzle-3d-chateau-enchante\/#primaryimage\"},\"image\":{\"@id\":\"https:\/\/rsacha.eleves.mediamatique.ch\/treycovagnes-toys\/produit\/puzzle-3d-chateau-enchante\/#primaryimage\"},\"thumbnailUrl\":\"https:\/\/rsacha.eleves.mediamatique.ch\/treycovagnes-toys\/wp-content\/uploads\/2024\/06\/epjiowepjio-1.webp\",\"datePublished\":\"2024-06-20T07:33:56+00:00\",\"dateModified\":\"2024-06-20T11:30:25+00:00\",\"breadcrumb\":{\"@id\":\"https:\/\/rsacha.eleves.mediamatique.ch\/treycovagnes-toys\/produit\/puzzle-3d-chateau-enchante\/#breadcrumb\"},\"inLanguage\":\"fr-FR\",\"potentialAction\":[{\"@type\":\"ReadAction\",\"target\":[\"https:\/\/rsacha.eleves.mediamatique.ch\/treycovagnes-toys\/produit\/puzzle-3d-chateau-enchante\/\"]}]},{\"@type\":\"ImageObject\",\"inLanguage\":\"fr-FR\",\"@id\":\"https:\/\/rsacha.eleves.mediamatique.ch\/treycovagnes-toys\/produit\/puzzle-3d-chateau-enchante\/#primaryimage\",\"url\":\"https:\/\/rsacha.eleves.mediamatique.ch\/treycovagnes-toys\/wp-content\/uploads\/2024\/06\/epjiowepjio-1.webp\",\"contentUrl\":\"https:\/\/rsacha.eleves.mediamatique.ch\/treycovagnes-toys\/wp-content\/uploads\/2024\/06\/epjiowepjio-1.webp\",\"width\":1024,\"height\":1024},{\"@type\":\"BreadcrumbList\",\"@id\":\"https:\/\/rsacha.eleves.mediamatique.ch\/treycovagnes-toys\/produit\/puzzle-3d-chateau-enchante\/#breadcrumb\",\"itemListElement\":[{\"@type\":\"ListItem\",\"position\":1,\"name\":\"Accueil\",\"item\":\"https:\/\/rsacha.eleves.mediamatique.ch\/treycovagnes-toys\/\"},{\"@type\":\"ListItem\",\"position\":2,\"name\":\"Produits\",\"item\":\"https:\/\/rsacha.eleves.mediamatique.ch\/treycovagnes-toys\/produits\/\"},{\"@type\":\"ListItem\",\"position\":3,\"name\":\"Puzzle 3D \u00ab\u00a0Ch\u00e2teau Enchant\u00e9\u00a0\u00bb\"}]},{\"@type\":\"WebSite\",\"@id\":\"https:\/\/rsacha.eleves.mediamatique.ch\/treycovagnes-toys\/#website\",\"url\":\"https:\/\/rsacha.eleves.mediamatique.ch\/treycovagnes-toys\/\",\"name\":\"Treycovagnes Toys\",\"description\":\"\",\"publisher\":{\"@id\":\"https:\/\/rsacha.eleves.mediamatique.ch\/treycovagnes-toys\/#organization\"},\"potentialAction\":[{\"@type\":\"SearchAction\",\"target\":{\"@type\":\"EntryPoint\",\"urlTemplate\":\"https:\/\/rsacha.eleves.mediamatique.ch\/treycovagnes-toys\/?s={search_term_string}\"},\"query-input\":\"required name=search_term_string\"}],\"inLanguage\":\"fr-FR\"},{\"@type\":\"Organization\",\"@id\":\"https:\/\/rsacha.eleves.mediamatique.ch\/treycovagnes-toys\/#organization\",\"name\":\"Treycovagnes Toys\",\"url\":\"https:\/\/rsacha.eleves.mediamatique.ch\/treycovagnes-toys\/\",\"logo\":{\"@type\":\"ImageObject\",\"inLanguage\":\"fr-FR\",\"@id\":\"https:\/\/rsacha.eleves.mediamatique.ch\/treycovagnes-toys\/#\/schema\/logo\/image\/\",\"url\":\"https:\/\/rsacha.eleves.mediamatique.ch\/treycovagnes-toys\/wp-content\/uploads\/2024\/06\/cropped-Plan-de-travail-1-copie-2.png\",\"contentUrl\":\"https:\/\/rsacha.eleves.mediamatique.ch\/treycovagnes-toys\/wp-content\/uploads\/2024\/06\/cropped-Plan-de-travail-1-copie-2.png\",\"width\":512,\"height\":512,\"caption\":\"Treycovagnes Toys\"},\"image\":{\"@id\":\"https:\/\/rsacha.eleves.mediamatique.ch\/treycovagnes-toys\/#\/schema\/logo\/image\/\"},\"sameAs\":[\"https:\/\/facebook.com\/treycovagnes-toys\"]}]}<\/script>\n<!-- \/ Yoast SEO plugin. -->","yoast_head_json":{"title":"Puzzle 3D \"Ch\u00e2teau Enchant\u00e9\" - Treycovagnes Toys","robots":{"index":"noindex","follow":"follow","max-snippet":"max-snippet:-1","max-image-preview":"max-image-preview:large","max-video-preview":"max-video-preview:-1"},"og_locale":"fr_FR","og_type":"article","og_title":"Puzzle 3D \"Ch\u00e2teau Enchant\u00e9\" - Treycovagnes Toys","og_description":"Explorez la magie d&rsquo;un ancien ch\u00e2teau avec notre Puzzle 3D \u00ab\u00a0Ch\u00e2teau Enchant\u00e9\u00a0\u00bb. Adapt\u00e9 aux enfants de 10 ans et plus, ce puzzle en bois de 500 pi\u00e8ces transforme le temps de jeu en une aventure \u00e9pique. Une fois assembl\u00e9, le ch\u00e2teau r\u00e9v\u00e8le des salles secr\u00e8tes et des trappes cach\u00e9es, offrant des heures de divertissement cr\u00e9atif. [&hellip;]","og_url":"https:\/\/rsacha.eleves.mediamatique.ch\/treycovagnes-toys\/produit\/puzzle-3d-chateau-enchante\/","og_site_name":"Treycovagnes Toys","article_publisher":"https:\/\/facebook.com\/treycovagnes-toys","article_modified_time":"2024-06-20T11:30:25+00:00","og_image":[{"width":1024,"height":1024,"url":"https:\/\/rsacha.eleves.mediamatique.ch\/treycovagnes-toys\/wp-content\/uploads\/2024\/06\/epjiowepjio-1.webp","type":"image\/webp"}],"twitter_card":"summary_large_image","schema":{"@context":"https:\/\/schema.org","@graph":[{"@type":"WebPage","@id":"https:\/\/rsacha.eleves.mediamatique.ch\/treycovagnes-toys\/produit\/puzzle-3d-chateau-enchante\/","url":"https:\/\/rsacha.eleves.mediamatique.ch\/treycovagnes-toys\/produit\/puzzle-3d-chateau-enchante\/","name":"Puzzle 3D \"Ch\u00e2teau Enchant\u00e9\" - Treycovagnes Toys","isPartOf":{"@id":"https:\/\/rsacha.eleves.mediamatique.ch\/treycovagnes-toys\/#website"},"primaryImageOfPage":{"@id":"https:\/\/rsacha.eleves.mediamatique.ch\/treycovagnes-toys\/produit\/puzzle-3d-chateau-enchante\/#primaryimage"},"image":{"@id":"https:\/\/rsacha.eleves.mediamatique.ch\/treycovagnes-toys\/produit\/puzzle-3d-chateau-enchante\/#primaryimage"},"thumbnailUrl":"https:\/\/rsacha.eleves.mediamatique.ch\/treycovagnes-toys\/wp-content\/uploads\/2024\/06\/epjiowepjio-1.webp","datePublished":"2024-06-20T07:33:56+00:00","dateModified":"2024-06-20T11:30:25+00:00","breadcrumb":{"@id":"https:\/\/rsacha.eleves.mediamatique.ch\/treycovagnes-toys\/produit\/puzzle-3d-chateau-enchante\/#breadcrumb"},"inLanguage":"fr-FR","potentialAction":[{"@type":"ReadAction","target":["https:\/\/rsacha.eleves.mediamatique.ch\/treycovagnes-toys\/produit\/puzzle-3d-chateau-enchante\/"]}]},{"@type":"ImageObject","inLanguage":"fr-FR","@id":"https:\/\/rsacha.eleves.mediamatique.ch\/treycovagnes-toys\/produit\/puzzle-3d-chateau-enchante\/#primaryimage","url":"https:\/\/rsacha.eleves.mediamatique.ch\/treycovagnes-toys\/wp-content\/uploads\/2024\/06\/epjiowepjio-1.webp","contentUrl":"https:\/\/rsacha.eleves.mediamatique.ch\/treycovagnes-toys\/wp-content\/uploads\/2024\/06\/epjiowepjio-1.webp","width":1024,"height":1024},{"@type":"BreadcrumbList","@id":"https:\/\/rsacha.eleves.mediamatique.ch\/treycovagnes-toys\/produit\/puzzle-3d-chateau-enchante\/#breadcrumb","itemListElement":[{"@type":"ListItem","position":1,"name":"Accueil","item":"https:\/\/rsacha.eleves.mediamatique.ch\/treycovagnes-toys\/"},{"@type":"ListItem","position":2,"name":"Produits","item":"https:\/\/rsacha.eleves.mediamatique.ch\/treycovagnes-toys\/produits\/"},{"@type":"ListItem","position":3,"name":"Puzzle 3D \u00ab\u00a0Ch\u00e2teau Enchant\u00e9\u00a0\u00bb"}]},{"@type":"WebSite","@id":"https:\/\/rsacha.eleves.mediamatique.ch\/treycovagnes-toys\/#website","url":"https:\/\/rsacha.eleves.mediamatique.ch\/treycovagnes-toys\/","name":"Treycovagnes Toys","description":"","publisher":{"@id":"https:\/\/rsacha.eleves.mediamatique.ch\/treycovagnes-toys\/#organization"},"potentialAction":[{"@type":"SearchAction","target":{"@type":"EntryPoint","urlTemplate":"https:\/\/rsacha.eleves.mediamatique.ch\/treycovagnes-toys\/?s={search_term_string}"},"query-input":"required name=search_term_string"}],"inLanguage":"fr-FR"},{"@type":"Organization","@id":"https:\/\/rsacha.eleves.mediamatique.ch\/treycovagnes-toys\/#organization","name":"Treycovagnes Toys","url":"https:\/\/rsacha.eleves.mediamatique.ch\/treycovagnes-toys\/","logo":{"@type":"ImageObject","inLanguage":"fr-FR","@id":"https:\/\/rsacha.eleves.mediamatique.ch\/treycovagnes-toys\/#\/schema\/logo\/image\/","url":"https:\/\/rsacha.eleves.mediamatique.ch\/treycovagnes-toys\/wp-content\/uploads\/2024\/06\/cropped-Plan-de-travail-1-copie-2.png","contentUrl":"https:\/\/rsacha.eleves.mediamatique.ch\/treycovagnes-toys\/wp-content\/uploads\/2024\/06\/cropped-Plan-de-travail-1-copie-2.png","width":512,"height":512,"caption":"Treycovagnes Toys"},"image":{"@id":"https:\/\/rsacha.eleves.mediamatique.ch\/treycovagnes-toys\/#\/schema\/logo\/image\/"},"sameAs":["https:\/\/facebook.com\/treycovagnes-toys"]}]}},"_links":{"self":[{"href":"https:\/\/rsacha.eleves.mediamatique.ch\/treycovagnes-toys\/wp-json\/wp\/v2\/product\/38","targetHints":{"allow":["GET"]}}],"collection":[{"href":"https:\/\/rsacha.eleves.mediamatique.ch\/treycovagnes-toys\/wp-json\/wp\/v2\/product"}],"about":[{"href":"https:\/\/rsacha.eleves.mediamatique.ch\/treycovagnes-toys\/wp-json\/wp\/v2\/types\/product"}],"replies":[{"embeddable":true,"href":"https:\/\/rsacha.eleves.mediamatique.ch\/treycovagnes-toys\/wp-json\/wp\/v2\/comments?post=38"}],"wp:featuredmedia":[{"embeddable":true,"href":"https:\/\/rsacha.eleves.mediamatique.ch\/treycovagnes-toys\/wp-json\/wp\/v2\/media\/36"}],"wp:attachment":[{"href":"https:\/\/rsacha.eleves.mediamatique.ch\/treycovagnes-toys\/wp-json\/wp\/v2\/media?parent=38"}],"wp:term":[{"taxonomy":"product_cat","embeddable":true,"href":"https:\/\/rsacha.eleves.mediamatique.ch\/treycovagnes-toys\/wp-json\/wp\/v2\/product_cat?post=38"},{"taxonomy":"product_tag","embeddable":true,"href":"https:\/\/rsacha.eleves.mediamatique.ch\/treycovagnes-toys\/wp-json\/wp\/v2\/product_tag?post=38"}],"curies":[{"name":"wp","href":"https:\/\/api.w.org\/{rel}","templated":true}]}}