{"id":39,"date":"2024-06-20T09:53:19","date_gmt":"2024-06-20T07:53:19","guid":{"rendered":"https:\/\/rsacha.eleves.mediamatique.ch\/treycovagnes-toys\/?post_type=product&#038;p=39"},"modified":"2024-06-20T10:37:54","modified_gmt":"2024-06-20T08:37:54","slug":"set-de-cuisine-miniature-chef-junior","status":"publish","type":"product","link":"https:\/\/rsacha.eleves.mediamatique.ch\/treycovagnes-toys\/produit\/set-de-cuisine-miniature-chef-junior\/","title":{"rendered":"Set de Cuisine Miniature \u00ab\u00a0Chef Junior\u00a0\u00bb"},"content":{"rendered":"<p>Le Set de Cuisine Miniature \u00ab\u00a0Chef Junior\u00a0\u00bb est une r\u00e9plique d\u00e9taill\u00e9e d&rsquo;une cuisine moderne, con\u00e7ue pour les enfants de 5 \u00e0 12 ans. Cet ensemble inclut un petit four fonctionnel, un mixeur, des ustensiles de cuisine, et un ensemble de nourriture en plastique s\u00fbr. Encouragez la cr\u00e9ativit\u00e9 culinaire de vos enfants et introduisez-les aux plaisirs de la cuisine avec ce jouet interactif, qui est parfait pour les jeux de r\u00f4le.<\/p>\n","protected":false},"excerpt":{"rendered":"<p>Le Set de Cuisine Miniature \u00ab\u00a0Chef Junior\u00a0\u00bb est une r\u00e9plique d\u00e9taill\u00e9e d&rsquo;une cuisine moderne, con\u00e7ue pour les enfants de 5 \u00e0 12 ans. Cet ensemble inclut un petit four fonctionnel, un mixeur, des ustensiles de cuisine, et un ensemble de nourriture en plastique s\u00fbr. Encouragez la cr\u00e9ativit\u00e9 culinaire de vos enfants et introduisez-les aux plaisirs [&hellip;]<\/p>\n","protected":false},"featured_media":25,"comment_status":"open","ping_status":"closed","template":"","meta":[],"product_cat":[15],"product_tag":[],"class_list":{"0":"post-39","1":"product","2":"type-product","3":"status-publish","4":"has-post-thumbnail","6":"product_cat-non-classe","8":"first","9":"instock","10":"shipping-taxable","11":"purchasable","12":"product-type-variable"},"yoast_head":"<!-- This site is optimized with the Yoast SEO plugin v22.9 - https:\/\/yoast.com\/wordpress\/plugins\/seo\/ -->\n<title>Set de Cuisine Miniature &quot;Chef Junior&quot; - Treycovagnes Toys<\/title>\n<meta name=\"robots\" content=\"noindex, follow, max-snippet:-1, max-image-preview:large, max-video-preview:-1\" \/>\n<meta property=\"og:locale\" content=\"fr_FR\" \/>\n<meta property=\"og:type\" content=\"article\" \/>\n<meta property=\"og:title\" content=\"Set de Cuisine Miniature &quot;Chef Junior&quot; - Treycovagnes Toys\" \/>\n<meta property=\"og:description\" content=\"Le Set de Cuisine Miniature \u00ab\u00a0Chef Junior\u00a0\u00bb est une r\u00e9plique d\u00e9taill\u00e9e d&rsquo;une cuisine moderne, con\u00e7ue pour les enfants de 5 \u00e0 12 ans. Cet ensemble inclut un petit four fonctionnel, un mixeur, des ustensiles de cuisine, et un ensemble de nourriture en plastique s\u00fbr. Encouragez la cr\u00e9ativit\u00e9 culinaire de vos enfants et introduisez-les aux plaisirs [&hellip;]\" \/>\n<meta property=\"og:url\" content=\"https:\/\/rsacha.eleves.mediamatique.ch\/treycovagnes-toys\/produit\/set-de-cuisine-miniature-chef-junior\/\" \/>\n<meta property=\"og:site_name\" content=\"Treycovagnes Toys\" \/>\n<meta property=\"article:publisher\" content=\"https:\/\/facebook.com\/treycovagnes-toys\" \/>\n<meta property=\"article:modified_time\" content=\"2024-06-20T08:37:54+00:00\" \/>\n<meta property=\"og:image\" content=\"https:\/\/rsacha.eleves.mediamatique.ch\/treycovagnes-toys\/wp-content\/uploads\/2024\/06\/etpoigwrpt.webp\" \/>\n\t<meta property=\"og:image:width\" content=\"1024\" \/>\n\t<meta property=\"og:image:height\" content=\"1024\" \/>\n\t<meta property=\"og:image:type\" content=\"image\/webp\" \/>\n<meta name=\"twitter:card\" content=\"summary_large_image\" \/>\n<script type=\"application\/ld+json\" class=\"yoast-schema-graph\">{\"@context\":\"https:\/\/schema.org\",\"@graph\":[{\"@type\":\"WebPage\",\"@id\":\"https:\/\/rsacha.eleves.mediamatique.ch\/treycovagnes-toys\/produit\/set-de-cuisine-miniature-chef-junior\/\",\"url\":\"https:\/\/rsacha.eleves.mediamatique.ch\/treycovagnes-toys\/produit\/set-de-cuisine-miniature-chef-junior\/\",\"name\":\"Set de Cuisine Miniature \\\"Chef Junior\\\" - Treycovagnes Toys\",\"isPartOf\":{\"@id\":\"https:\/\/rsacha.eleves.mediamatique.ch\/treycovagnes-toys\/#website\"},\"primaryImageOfPage\":{\"@id\":\"https:\/\/rsacha.eleves.mediamatique.ch\/treycovagnes-toys\/produit\/set-de-cuisine-miniature-chef-junior\/#primaryimage\"},\"image\":{\"@id\":\"https:\/\/rsacha.eleves.mediamatique.ch\/treycovagnes-toys\/produit\/set-de-cuisine-miniature-chef-junior\/#primaryimage\"},\"thumbnailUrl\":\"https:\/\/rsacha.eleves.mediamatique.ch\/treycovagnes-toys\/wp-content\/uploads\/2024\/06\/etpoigwrpt.webp\",\"datePublished\":\"2024-06-20T07:53:19+00:00\",\"dateModified\":\"2024-06-20T08:37:54+00:00\",\"breadcrumb\":{\"@id\":\"https:\/\/rsacha.eleves.mediamatique.ch\/treycovagnes-toys\/produit\/set-de-cuisine-miniature-chef-junior\/#breadcrumb\"},\"inLanguage\":\"fr-FR\",\"potentialAction\":[{\"@type\":\"ReadAction\",\"target\":[\"https:\/\/rsacha.eleves.mediamatique.ch\/treycovagnes-toys\/produit\/set-de-cuisine-miniature-chef-junior\/\"]}]},{\"@type\":\"ImageObject\",\"inLanguage\":\"fr-FR\",\"@id\":\"https:\/\/rsacha.eleves.mediamatique.ch\/treycovagnes-toys\/produit\/set-de-cuisine-miniature-chef-junior\/#primaryimage\",\"url\":\"https:\/\/rsacha.eleves.mediamatique.ch\/treycovagnes-toys\/wp-content\/uploads\/2024\/06\/etpoigwrpt.webp\",\"contentUrl\":\"https:\/\/rsacha.eleves.mediamatique.ch\/treycovagnes-toys\/wp-content\/uploads\/2024\/06\/etpoigwrpt.webp\",\"width\":1024,\"height\":1024},{\"@type\":\"BreadcrumbList\",\"@id\":\"https:\/\/rsacha.eleves.mediamatique.ch\/treycovagnes-toys\/produit\/set-de-cuisine-miniature-chef-junior\/#breadcrumb\",\"itemListElement\":[{\"@type\":\"ListItem\",\"position\":1,\"name\":\"Accueil\",\"item\":\"https:\/\/rsacha.eleves.mediamatique.ch\/treycovagnes-toys\/\"},{\"@type\":\"ListItem\",\"position\":2,\"name\":\"Produits\",\"item\":\"https:\/\/rsacha.eleves.mediamatique.ch\/treycovagnes-toys\/produits\/\"},{\"@type\":\"ListItem\",\"position\":3,\"name\":\"Set de Cuisine Miniature \u00ab\u00a0Chef Junior\u00a0\u00bb\"}]},{\"@type\":\"WebSite\",\"@id\":\"https:\/\/rsacha.eleves.mediamatique.ch\/treycovagnes-toys\/#website\",\"url\":\"https:\/\/rsacha.eleves.mediamatique.ch\/treycovagnes-toys\/\",\"name\":\"Treycovagnes Toys\",\"description\":\"\",\"publisher\":{\"@id\":\"https:\/\/rsacha.eleves.mediamatique.ch\/treycovagnes-toys\/#organization\"},\"potentialAction\":[{\"@type\":\"SearchAction\",\"target\":{\"@type\":\"EntryPoint\",\"urlTemplate\":\"https:\/\/rsacha.eleves.mediamatique.ch\/treycovagnes-toys\/?s={search_term_string}\"},\"query-input\":\"required name=search_term_string\"}],\"inLanguage\":\"fr-FR\"},{\"@type\":\"Organization\",\"@id\":\"https:\/\/rsacha.eleves.mediamatique.ch\/treycovagnes-toys\/#organization\",\"name\":\"Treycovagnes Toys\",\"url\":\"https:\/\/rsacha.eleves.mediamatique.ch\/treycovagnes-toys\/\",\"logo\":{\"@type\":\"ImageObject\",\"inLanguage\":\"fr-FR\",\"@id\":\"https:\/\/rsacha.eleves.mediamatique.ch\/treycovagnes-toys\/#\/schema\/logo\/image\/\",\"url\":\"https:\/\/rsacha.eleves.mediamatique.ch\/treycovagnes-toys\/wp-content\/uploads\/2024\/06\/cropped-Plan-de-travail-1-copie-2.png\",\"contentUrl\":\"https:\/\/rsacha.eleves.mediamatique.ch\/treycovagnes-toys\/wp-content\/uploads\/2024\/06\/cropped-Plan-de-travail-1-copie-2.png\",\"width\":512,\"height\":512,\"caption\":\"Treycovagnes Toys\"},\"image\":{\"@id\":\"https:\/\/rsacha.eleves.mediamatique.ch\/treycovagnes-toys\/#\/schema\/logo\/image\/\"},\"sameAs\":[\"https:\/\/facebook.com\/treycovagnes-toys\"]}]}<\/script>\n<!-- \/ Yoast SEO plugin. -->","yoast_head_json":{"title":"Set de Cuisine Miniature \"Chef Junior\" - Treycovagnes Toys","robots":{"index":"noindex","follow":"follow","max-snippet":"max-snippet:-1","max-image-preview":"max-image-preview:large","max-video-preview":"max-video-preview:-1"},"og_locale":"fr_FR","og_type":"article","og_title":"Set de Cuisine Miniature \"Chef Junior\" - Treycovagnes Toys","og_description":"Le Set de Cuisine Miniature \u00ab\u00a0Chef Junior\u00a0\u00bb est une r\u00e9plique d\u00e9taill\u00e9e d&rsquo;une cuisine moderne, con\u00e7ue pour les enfants de 5 \u00e0 12 ans. Cet ensemble inclut un petit four fonctionnel, un mixeur, des ustensiles de cuisine, et un ensemble de nourriture en plastique s\u00fbr. Encouragez la cr\u00e9ativit\u00e9 culinaire de vos enfants et introduisez-les aux plaisirs [&hellip;]","og_url":"https:\/\/rsacha.eleves.mediamatique.ch\/treycovagnes-toys\/produit\/set-de-cuisine-miniature-chef-junior\/","og_site_name":"Treycovagnes Toys","article_publisher":"https:\/\/facebook.com\/treycovagnes-toys","article_modified_time":"2024-06-20T08:37:54+00:00","og_image":[{"width":1024,"height":1024,"url":"https:\/\/rsacha.eleves.mediamatique.ch\/treycovagnes-toys\/wp-content\/uploads\/2024\/06\/etpoigwrpt.webp","type":"image\/webp"}],"twitter_card":"summary_large_image","schema":{"@context":"https:\/\/schema.org","@graph":[{"@type":"WebPage","@id":"https:\/\/rsacha.eleves.mediamatique.ch\/treycovagnes-toys\/produit\/set-de-cuisine-miniature-chef-junior\/","url":"https:\/\/rsacha.eleves.mediamatique.ch\/treycovagnes-toys\/produit\/set-de-cuisine-miniature-chef-junior\/","name":"Set de Cuisine Miniature \"Chef Junior\" - Treycovagnes Toys","isPartOf":{"@id":"https:\/\/rsacha.eleves.mediamatique.ch\/treycovagnes-toys\/#website"},"primaryImageOfPage":{"@id":"https:\/\/rsacha.eleves.mediamatique.ch\/treycovagnes-toys\/produit\/set-de-cuisine-miniature-chef-junior\/#primaryimage"},"image":{"@id":"https:\/\/rsacha.eleves.mediamatique.ch\/treycovagnes-toys\/produit\/set-de-cuisine-miniature-chef-junior\/#primaryimage"},"thumbnailUrl":"https:\/\/rsacha.eleves.mediamatique.ch\/treycovagnes-toys\/wp-content\/uploads\/2024\/06\/etpoigwrpt.webp","datePublished":"2024-06-20T07:53:19+00:00","dateModified":"2024-06-20T08:37:54+00:00","breadcrumb":{"@id":"https:\/\/rsacha.eleves.mediamatique.ch\/treycovagnes-toys\/produit\/set-de-cuisine-miniature-chef-junior\/#breadcrumb"},"inLanguage":"fr-FR","potentialAction":[{"@type":"ReadAction","target":["https:\/\/rsacha.eleves.mediamatique.ch\/treycovagnes-toys\/produit\/set-de-cuisine-miniature-chef-junior\/"]}]},{"@type":"ImageObject","inLanguage":"fr-FR","@id":"https:\/\/rsacha.eleves.mediamatique.ch\/treycovagnes-toys\/produit\/set-de-cuisine-miniature-chef-junior\/#primaryimage","url":"https:\/\/rsacha.eleves.mediamatique.ch\/treycovagnes-toys\/wp-content\/uploads\/2024\/06\/etpoigwrpt.webp","contentUrl":"https:\/\/rsacha.eleves.mediamatique.ch\/treycovagnes-toys\/wp-content\/uploads\/2024\/06\/etpoigwrpt.webp","width":1024,"height":1024},{"@type":"BreadcrumbList","@id":"https:\/\/rsacha.eleves.mediamatique.ch\/treycovagnes-toys\/produit\/set-de-cuisine-miniature-chef-junior\/#breadcrumb","itemListElement":[{"@type":"ListItem","position":1,"name":"Accueil","item":"https:\/\/rsacha.eleves.mediamatique.ch\/treycovagnes-toys\/"},{"@type":"ListItem","position":2,"name":"Produits","item":"https:\/\/rsacha.eleves.mediamatique.ch\/treycovagnes-toys\/produits\/"},{"@type":"ListItem","position":3,"name":"Set de Cuisine Miniature \u00ab\u00a0Chef Junior\u00a0\u00bb"}]},{"@type":"WebSite","@id":"https:\/\/rsacha.eleves.mediamatique.ch\/treycovagnes-toys\/#website","url":"https:\/\/rsacha.eleves.mediamatique.ch\/treycovagnes-toys\/","name":"Treycovagnes Toys","description":"","publisher":{"@id":"https:\/\/rsacha.eleves.mediamatique.ch\/treycovagnes-toys\/#organization"},"potentialAction":[{"@type":"SearchAction","target":{"@type":"EntryPoint","urlTemplate":"https:\/\/rsacha.eleves.mediamatique.ch\/treycovagnes-toys\/?s={search_term_string}"},"query-input":"required name=search_term_string"}],"inLanguage":"fr-FR"},{"@type":"Organization","@id":"https:\/\/rsacha.eleves.mediamatique.ch\/treycovagnes-toys\/#organization","name":"Treycovagnes Toys","url":"https:\/\/rsacha.eleves.mediamatique.ch\/treycovagnes-toys\/","logo":{"@type":"ImageObject","inLanguage":"fr-FR","@id":"https:\/\/rsacha.eleves.mediamatique.ch\/treycovagnes-toys\/#\/schema\/logo\/image\/","url":"https:\/\/rsacha.eleves.mediamatique.ch\/treycovagnes-toys\/wp-content\/uploads\/2024\/06\/cropped-Plan-de-travail-1-copie-2.png","contentUrl":"https:\/\/rsacha.eleves.mediamatique.ch\/treycovagnes-toys\/wp-content\/uploads\/2024\/06\/cropped-Plan-de-travail-1-copie-2.png","width":512,"height":512,"caption":"Treycovagnes Toys"},"image":{"@id":"https:\/\/rsacha.eleves.mediamatique.ch\/treycovagnes-toys\/#\/schema\/logo\/image\/"},"sameAs":["https:\/\/facebook.com\/treycovagnes-toys"]}]}},"_links":{"self":[{"href":"https:\/\/rsacha.eleves.mediamatique.ch\/treycovagnes-toys\/wp-json\/wp\/v2\/product\/39","targetHints":{"allow":["GET"]}}],"collection":[{"href":"https:\/\/rsacha.eleves.mediamatique.ch\/treycovagnes-toys\/wp-json\/wp\/v2\/product"}],"about":[{"href":"https:\/\/rsacha.eleves.mediamatique.ch\/treycovagnes-toys\/wp-json\/wp\/v2\/types\/product"}],"replies":[{"embeddable":true,"href":"https:\/\/rsacha.eleves.mediamatique.ch\/treycovagnes-toys\/wp-json\/wp\/v2\/comments?post=39"}],"wp:featuredmedia":[{"embeddable":true,"href":"https:\/\/rsacha.eleves.mediamatique.ch\/treycovagnes-toys\/wp-json\/wp\/v2\/media\/25"}],"wp:attachment":[{"href":"https:\/\/rsacha.eleves.mediamatique.ch\/treycovagnes-toys\/wp-json\/wp\/v2\/media?parent=39"}],"wp:term":[{"taxonomy":"product_cat","embeddable":true,"href":"https:\/\/rsacha.eleves.mediamatique.ch\/treycovagnes-toys\/wp-json\/wp\/v2\/product_cat?post=39"},{"taxonomy":"product_tag","embeddable":true,"href":"https:\/\/rsacha.eleves.mediamatique.ch\/treycovagnes-toys\/wp-json\/wp\/v2\/product_tag?post=39"}],"curies":[{"name":"wp","href":"https:\/\/api.w.org\/{rel}","templated":true}]}}